{"id":145,"date":"2017-08-07T12:49:25","date_gmt":"2017-08-07T10:49:25","guid":{"rendered":"http:\/\/jorgeluiscamacho.com\/?post_type=product&#038;p=145"},"modified":"2022-06-21T18:41:35","modified_gmt":"2022-06-21T16:41:35","slug":"sinfonia-cubana-ii","status":"publish","type":"product","link":"https:\/\/jorgeluiscamacho.com\/en_us\/product\/sinfonia-cubana-ii\/","title":{"rendered":"SINFON\u00cdA CUBANA II"},"content":{"rendered":"<p style=\"text-align: justify;\">Ya est\u00e1n de nuevo las m\u00e1quinas de La Rosa y las de todos los centrales de la isla triturando la ca\u00f1a fresca que se convertir\u00e1 en az\u00facar, en salarios, en riqueza. \u00a1La zafra! Los recelos de los Robles-Serra resultaron infundados, este a\u00f1o la familia sigue dirigiendo el central.<\/p>\n<p style=\"text-align: justify;\">Libertad espera en el consultorio del doctor Mart\u00ednez. Desde la \u00faltima operaci\u00f3n, cada examen de control la llena de temores. Hoy se confirman. &#8220;Querida Libertad, me temo que esta vez deba usted afrontar un momento dif\u00edcil,&#8221; dice el cancer\u00f3logo.<\/p>\n<p style=\"text-align: justify;\">A la par del padecimiento de Libertad, la enfermedad de la sociedad cubana progresa. No pasa una semana sin que sea nacionalizado un \u00f3rgano de prensa, que la Iglesia reciba los embates del poder, que otros segmentos de la sociedad civil sean atacados: asociaciones de m\u00e9dicos, de abogados, de estudiantes\u2026 Todo lo que represente un peligro para el nuevo poder, est\u00e1 en peligro.<\/p>\n<p style=\"text-align: justify;\">Las relaciones entre Cuba y los Estados Unidos se desagregan. Las autoridades cubanas nacionalizan sin resarcimiento todas las compa\u00f1\u00edas norteamericanas. Los lazos entre el Gobierno de Castro y la Uni\u00f3n Sovi\u00e9tica se estrechan. Cada vez parece m\u00e1s claro que el pa\u00eds se rinde al comunismo.<\/p>\n<p style=\"text-align: justify;\">Decenas de grupos de resistencia armada surgen en las ciudades y los campos. Estallan bombas, se desatan incendios\u2026 Los Tribunales Revolucionarios condenan a muerte centenas de personas cada d\u00eda.<\/p>\n<p style=\"text-align: justify;\">Rodrigo cree enloquecer. El nuevo tratamiento de Libertad la agota y le hace perder su hermosa cabellera sin que tenga ninguna garant\u00eda de \u00e9xito. Para Julio es tambi\u00e9n un tormento. Ya ni siquiera la m\u00fasica le sirve de refugio. \u00bfPodr\u00e1 la medicina detener la enfermedad de su madre? Los adultos dicen que Dios podr\u00eda, pero por m\u00e1s que Julio reza, Dios no hace nada.<\/p>\n<p style=\"text-align: justify;\">Por mediaci\u00f3n de su amigo Pablo, Rodrigo entra en la resistencia. Patricio lo hace ayudando a un grupo de guerrilleros en los alrededores de La Rosa. Ambos ignoran las acciones clandestinas del otro hasta que las sospechas del padre se las revelan.<\/p>\n<p style=\"text-align: justify;\">Sus hijos no le dicen la verdad acerca de sus actividades en contra del Gobierno, pero para Fernando queda pronto claro que si la familia no se va del pa\u00eds, Rodrigo y Patricio perder\u00e1n sus vidas.<\/p>\n<p style=\"text-align: justify;\">Libertad sospechaba tambi\u00e9n de su esposo. Un mensaje que le es entregado por error valida sus sospechas. Intenta poner a Rodrigo frente a las implicaciones de sus riesgos. &#8220;Eres lo \u00fanico firme que Julio tiene en la vida. Yo tal vez morir\u00e9 pronto, amor, \u00bfc\u00f3mo puedes no verlo?&#8221; Una brutal reca\u00edda de la enferma consigue arrancar a Rodrigo la promesa de que cesar\u00e1 toda actividad contra el Gobierno hasta que la familia se encuentre fuera del pa\u00eds.<\/p>\n<p style=\"text-align: justify;\">A diferencia de su hermano, Patricio se implica cada vez m\u00e1s en la resistencia.<\/p>\n<p style=\"text-align: justify;\">Julio va con su abuelo Fernando a visitar La Rosa. Saben que ser\u00e1 probablemente la \u00faltima vez. Cabalgan de noche, como gustan hacerlo, hasta que Julio detiene su caballo. &#8220;Abuelo, t\u00fa est\u00e1s casi seguro de que vamos a perder La Rosa, \u00bfverdad?&#8221; Fernando tarda unos segundos en decir s\u00ed. Julio necesita tambi\u00e9n tiempo para enfrentar lo que inflama en su mente esa corta e inmensa respuesta. Baja del caballo, recoge un pu\u00f1ado de tierra y se acerca a Fernando con ojos encendidos. &#8220;Cuando yo sea grande, abuelo, si todav\u00eda ustedes no han recuperado La Rosa, har\u00e9 todo lo que pueda para que vuelva a ser de la familia. Esta noche, aqu\u00ed, por esta tierra y por lo m\u00e1s sagrado que tengo, te lo juro.&#8221;<\/p>\n<p style=\"text-align: justify;\">En octubre son nacionalizadas sin compensaci\u00f3n todas las grandes empresas cubanas y la familia Robles-Serra pierde La Rosa. Julio rompe sus juguetes m\u00e1s queridos, para que nada material lo ate. Cree que as\u00ed se har\u00e1 m\u00e1s fuerte.<\/p>\n<p style=\"text-align: justify;\">No han pasado dos a\u00f1os desde comenz\u00f3 esa Revoluci\u00f3n que dec\u00eda ser &#8220;con todos y para el bien de todos&#8221;. Como muchas otras, la familia Robles-Serra lo perdi\u00f3 ya todo, hasta las esperanzas. Peligran ahora las vidas de sus miembros. Rodrigo teme que los ocupantes del carro negro que vigila perenemente la casa acaben por detenerlo. Perseguido por la polic\u00eda, Patricio tuvo que huir, los Robles-Serra ignoran si est\u00e1 vivo o muerto. La enfermedad de Libertad se ha agravado.<\/p>\n<p style=\"text-align: justify;\">El Gobierno de Castro asegura que una agresi\u00f3n militar de los Estados Unidos es inminente.<\/p>\n<p style=\"text-align: justify;\">A la par de Libertad, la libertad en Cuba se muere.<\/p>\n<p>\r\n\r\n<div class=\"spacer\" id=\"shortcode-21d935453d47ec384c055d1d36ba9b0e\"><\/div>\r\n\r\n <div class=\"ShortcodeList UnorderedList list-left  is-wow zoomIn\" id=\"shortcode-81d10d3aecdec319c52a169a2af33b23\" data-wow-delay=\"0.003s\">\r\n\t<ul class=\"list-unstyled shortcode-list-wrapper\">\r\n\t\t\t<\/ul>\r\n<\/div><\/p>","protected":false},"excerpt":{"rendered":"<p style=\"text-align: justify;\">Entre La Habana, Miami, New York y Par\u00eds, una saga familiar donde se asoma la Historia. Desde la toma del poder de Fidel Castro hasta la muerte del castrismo. Desde el apogeo del comunismo mundial hasta su estrepitosa ca\u00edda. Desde las promesas de un futuro mejor del pasado siglo en Cuba hasta la miseria y la represi\u00f3n de hoy. Desde la p\u00e9rdida del central azucarero de la familia Robles-Serra hasta su renacer. Entre pasado y presente, hechos reales e imaginarios, una trilog\u00eda: \u201cSinfon\u00eda Cubana\u201d, la historia de una familia que bien podr\u00eda ser una Historia de Cuba.<\/p>","protected":false},"featured_media":756,"comment_status":"closed","ping_status":"closed","template":"","meta":{"spay_email":""},"product_cat":[40],"product_tag":[],"_links":{"self":[{"href":"https:\/\/jorgeluiscamacho.com\/en_us\/wp-json\/wp\/v2\/product\/145"}],"collection":[{"href":"https:\/\/jorgeluiscamacho.com\/en_us\/wp-json\/wp\/v2\/product"}],"about":[{"href":"https:\/\/jorgeluiscamacho.com\/en_us\/wp-json\/wp\/v2\/types\/product"}],"replies":[{"embeddable":true,"href":"https:\/\/jorgeluiscamacho.com\/en_us\/wp-json\/wp\/v2\/comments?post=145"}],"wp:featuredmedia":[{"embeddable":true,"href":"https:\/\/jorgeluiscamacho.com\/en_us\/wp-json\/wp\/v2\/media\/756"}],"wp:attachment":[{"href":"https:\/\/jorgeluiscamacho.com\/en_us\/wp-json\/wp\/v2\/media?parent=145"}],"wp:term":[{"taxonomy":"product_cat","embeddable":true,"href":"https:\/\/jorgeluiscamacho.com\/en_us\/wp-json\/wp\/v2\/product_cat?post=145"},{"taxonomy":"product_tag","embeddable":true,"href":"https:\/\/jorgeluiscamacho.com\/en_us\/wp-json\/wp\/v2\/product_tag?post=145"}],"curies":[{"name":"wp","href":"https:\/\/api.w.org\/{rel}","templated":true}]}}