{"id":128,"date":"2017-08-07T12:38:09","date_gmt":"2017-08-07T10:38:09","guid":{"rendered":"http:\/\/jorgeluiscamacho.com\/?post_type=product&#038;p=128"},"modified":"2022-06-21T18:39:42","modified_gmt":"2022-06-21T16:39:42","slug":"sinfonia-cubana-i","status":"publish","type":"product","link":"https:\/\/jorgeluiscamacho.com\/en_us\/product\/sinfonia-cubana-i\/","title":{"rendered":"SINFON\u00cdA CUBANA I"},"content":{"rendered":"<p style=\"text-align: justify;\">Una familia representa en &#8220;Sinfon\u00eda Cubana&#8221; a miles de familias. Fernando Andr\u00e9s es su patriarca, Sof\u00eda es su esposa, Rodrigo y Patricio son sus hijos. Patricio es novio de Kate, una abogada neoyorquina. Rodrigo est\u00e1 casado con Libertad, exbailarina de ballet, con la cual tiene un hijo de 7 a\u00f1os: Julio, el protagonista de esta historia. Son la familia Robles-Serra, los propietarios del central La Rosa. Un central azucarero que simboliza a Cuba.<\/p>\n<p style=\"text-align: justify;\">Enero 1, 1959. Jueves. Mujeres y hombres de\u00a0todas clases y razas festejan y llenan las calles de desorden\u00a0y\u00a0contento. \u00bfSe celebra la huida de Batista, el presidente golpista? \u00bfSe aplaude la llegada a La Habana de los autoproclamados revolucionarios que lidera Fidel Castro? Nadie lo sabe realmente, pero se cierra un sangriento per\u00edodo de guerra, cr\u00edmenes y atentados y todos hablan de triunfo\u2026<\/p>\n<p style=\"text-align: justify;\">Fernando sabe que la sangre es el pigmento que colorea las revoluciones, Sof\u00eda piensa que Fidel Castro miente cuando jura que en breve se organizar\u00e1n elecciones, Patricio no le da mucha importancia a la llegada al poder de unos desali\u00f1ados barbudos. Seg\u00fan \u00e9l, lo verdaderamente preocupante es la reci\u00e9n fundada Comunidad Econ\u00f3mica Europea, que podr\u00eda convertir a Europa en un coto cerrado para el az\u00facar de ca\u00f1a. Pronto, sin embargo, tanto \u00e9l como su hermano tendr\u00e1n que arriesgar sus vidas para oponerse a ese poder al que ahora Patricio da tan poca importancia.<\/p>\n<p style=\"text-align: justify;\">Libertad y Rodrigo no piensan mucho en el pa\u00eds en ese terrible inicio de a\u00f1o, pues la enfermedad de Libertad, que ellos cre\u00edan curada, reaparece y una nueva operaci\u00f3n los amenaza. Intentan proteger a Julio minimizando la aterradora noticia, pero los olores <em>esos<\/em>, que el ni\u00f1o sabe asociados a la enfermedad de su madre vuelven a la casa y de nuevo sus infantiles rezos se resumen a una frase: &#8220;Dios m\u00edo, salva a mam\u00e1, te lo ruego&#8221;.<\/p>\n<p style=\"text-align: justify;\">Enferma, como Libertad, est\u00e1 tambi\u00e9n r\u00e1pidamente la Revoluci\u00f3n que promet\u00eda ser &#8220;con todos y para el bien de todos&#8221;, pues en cuesti\u00f3n de meses se convierte en el poder de unos pocos. Desde entonces, aunque varias leyes populistas consigan la adhesi\u00f3n de las clases populares, encarcelamientos, nacionalizaciones arbitrarias, juicios sumarios, fusilamientos y destierros, marcan insidiosamente la pauta\u2026<\/p>\n<p style=\"text-align: justify;\">Rodrigo piensa que la familia debe vender el central o lo perder\u00e1. Brutal idea que Fernando y Patricio no pueden aceptar y los escandaliza. Cuando termina la zafra ese a\u00f1o, sin embargo, el miedo al futuro estremece ya a los Robles-Serra: se preguntan si para la pr\u00f3xima molienda ser\u00e1n todav\u00eda ellos quienes dirigir\u00e1n La Rosa.<\/p>\n<p style=\"text-align: justify;\">Dos enfermedades amenazan al peque\u00f1o Julio Andr\u00e9s Robles-Serra. Una se llama c\u00e1ncer y se oculta en el cuerpo de Libertad, su madre. Otra se llama tiran\u00eda y se esconde tras las falsas promesas de Fidel Castro.<\/p>\n<p style=\"text-align: justify;\">Llega 1960. Durante la fiesta muchos intentan olvidar el brutal a\u00f1o 1 de la llamada Revoluci\u00f3n y sus amenazas. Los Robles-Serra sonr\u00eden a la c\u00e1mara para la tradicional foto, felices por darle juntos la bienvenida a un nuevo a\u00f1o.<\/p>\n<p style=\"text-align: justify;\">Ser\u00e1 la \u00faltima vez.<\/p>\n<p>&nbsp;<\/p>","protected":false},"excerpt":{"rendered":"<p style=\"text-align: justify;\">Entre La Habana, Miami, New York y Par\u00eds, una saga familiar donde se asoma la Historia. Desde la toma del poder de Fidel Castro hasta la muerte del castrismo. Desde el apogeo del comunismo mundial hasta su estrepitosa ca\u00edda. Desde las promesas de un futuro mejor del pasado siglo en Cuba hasta la miseria y la represi\u00f3n de hoy. Desde la p\u00e9rdida del central azucarero de la familia Robles-Serra hasta su renacer. Entre pasado y presente, hechos reales e imaginarios, una trilog\u00eda: &#8220;Sinfon\u00eda Cubana&#8221;, la historia de una familia que bien podr\u00eda ser una Historia de Cuba.<\/p>","protected":false},"featured_media":754,"comment_status":"closed","ping_status":"closed","template":"","meta":{"spay_email":""},"product_cat":[40],"product_tag":[],"_links":{"self":[{"href":"https:\/\/jorgeluiscamacho.com\/en_us\/wp-json\/wp\/v2\/product\/128"}],"collection":[{"href":"https:\/\/jorgeluiscamacho.com\/en_us\/wp-json\/wp\/v2\/product"}],"about":[{"href":"https:\/\/jorgeluiscamacho.com\/en_us\/wp-json\/wp\/v2\/types\/product"}],"replies":[{"embeddable":true,"href":"https:\/\/jorgeluiscamacho.com\/en_us\/wp-json\/wp\/v2\/comments?post=128"}],"wp:featuredmedia":[{"embeddable":true,"href":"https:\/\/jorgeluiscamacho.com\/en_us\/wp-json\/wp\/v2\/media\/754"}],"wp:attachment":[{"href":"https:\/\/jorgeluiscamacho.com\/en_us\/wp-json\/wp\/v2\/media?parent=128"}],"wp:term":[{"taxonomy":"product_cat","embeddable":true,"href":"https:\/\/jorgeluiscamacho.com\/en_us\/wp-json\/wp\/v2\/product_cat?post=128"},{"taxonomy":"product_tag","embeddable":true,"href":"https:\/\/jorgeluiscamacho.com\/en_us\/wp-json\/wp\/v2\/product_tag?post=128"}],"curies":[{"name":"wp","href":"https:\/\/api.w.org\/{rel}","templated":true}]}}