{"id":910,"date":"2022-04-20T14:07:52","date_gmt":"2022-04-20T12:07:52","guid":{"rendered":"http:\/\/jorgeluiscamacho.com\/?page_id=910"},"modified":"2022-04-23T23:01:40","modified_gmt":"2022-04-23T21:01:40","slug":"articulos","status":"publish","type":"page","link":"https:\/\/jorgeluiscamacho.com\/en_us\/articulos\/","title":{"rendered":"Art\u00edculos"},"content":{"rendered":"<p>\r\n<section class=\"pos-r section-light is-parallax\"  id=\"shortcode-d22f3295cf00fd0d806944a83f49ba22\" >\r\n\t\t\t<div class=\"overlay-color\"><\/div>\r\n\t\t<div class=\"fw-container-full\">\r\n\t\t<div class=\"fw-row\">\r\n\t\t\t<div id=\"shortcode-f5845a202e25e5ff3cf6e57504a8ce55\" class=\"fw-col-xs-12 fw-col-sm-12 fw-col-md-12 text-center\" >\r\n\t<div class=\"SpecialHeading fw-heading  text-center mt-20 mb-60\" id=\"shortcode-83489b8f17127be589a3680f53bbea68\" >\r\n\t\t\t\t\t<h1 class=\"special-title special-heading-letter\">Prensa Escrita<\/h1>\t\t<div class=\"special-subtitle\">La opini\u00f3n de la prensa especializada<\/div>\r\n\t<\/div><\/div>\r\n\t\t<\/div>\r\n\t<\/div>\r\n\t<\/section>\r\n\r\n<section class=\"pos-r\"  id=\"shortcode-8c85ce0eabbdf9e0415e242f03dd4574\" >\r\n\t\t<div class=\"fw-container\">\r\n\t\t<div class=\"fw-row\">\r\n\t\t\t<div id=\"shortcode-b35c2583b865d9899302a54d1eb54e43\" class=\"fw-col-xs-12 fw-col-sm-12 fw-col-md-6 text-left\" >\r\n\t\r\n\r\n<div class=\"fw-accordion\" id=\"shortcode-14e3520c75609c0ecf116c09abbd3361\" >\r\n\t\t\t<h3 class=\"fw-accordion-title font-subheading\">14yMedio Portada<\/h3>\r\n\t\t<div class=\"fw-accordion-content\">\r\n\t\t\t<p><p>Jorge Luis Camacho naci\u00f3 en 1956 en C\u00e1rdenas, Matanzas \u2013donde, recuerda, se iz\u00f3 por primera vez la bandera cubana, \"una bandera anexionista\", que pretend\u00eda incorporar esa estrella a las otras de Estados Unidos\u2013, pero es residente desde hace 40 a\u00f1os en Par\u00eds\u2026<\/p><p>\r\n\r\n\t\t<a href=\"https:\/\/www.paraenterarte.com\/single-post\/ficci%C3%B3n-e-historia-convergen-en-sinfon%C3%ADa-cubana\" target=\"_blank\" class=\"shortcode-button btn btn-color\" id=\"shortcode-8b9c542f2a0cfb3bbd3708d1e7803f41\" >\r\n\t\t<span>M\u00e1s Informaci\u00f3n<\/span>\r\n\t<\/a>\r\n\r\n<\/p><\/p>\r\n\t\t<\/div>\r\n\t\t\t<h3 class=\"fw-accordion-title font-subheading\">Radio Television Marti <\/h3>\r\n\t\t<div class=\"fw-accordion-content\">\r\n\t\t\t<p><p>\"Sinfon\u00eda Cubana\"\u2026 Pr\u00f3ximamente ser\u00e1 presentada en Miami esta saga familiar, donde el escritor Jorge Luis Camacho recrea la ficci\u00f3n y la historia de los Robles- Serra, que comienza en el a\u00f1o 1959 y culmina en un futuro 2025-2030.<\/p><p>La obra se compone de tres vol\u00famenes o \u201cmovimientos\u201d: Alegro ma non troppo, Tempo Marziale y Da Capo, y recoge el llamado per\u00edodo revolucionario, el postcastrismo y el futuro de la democracia en la Isla.<\/p><p>Jorge Luis Camacho estuvo conversando acerca de la trilog\u00eda, los personajes, la literatura y sus proyectos futuros en el programa de Radio Mart\u00ed&nbsp;ARTExpress\u2026<\/p><p>\r\n\r\n\t\t<a href=\"https:\/\/www.radiotelevisionmarti.com\/a\/sinfon%C3%ADa-cubana-una-saga-familiar-hist%C3%B3rica-de-la-literatura-isle%C3%B1a\/295194.html\" target=\"_blank\" class=\"shortcode-button btn btn-color\" id=\"shortcode-8b9c542f2a0cfb3bbd3708d1e7803f41\" >\r\n\t\t<span>M\u00e1s Informaci\u00f3n<\/span>\r\n\t<\/a>\r\n\r\n<\/p><\/p>\r\n\t\t<\/div>\r\n\t\t\t<h3 class=\"fw-accordion-title font-subheading\">Eldiario.com<\/h3>\r\n\t\t<div class=\"fw-accordion-content\">\r\n\t\t\t<p><p>Tres libros para entender la historia de Cuba desde la dictadura de Fidel Castro.<\/p><p>La obra del artista y escritor Jorge Luis Camacho mezcla hechos hist\u00f3ricos de la vida real con acontecimientos ficticios y al final de la historia se plantea un escenario ut\u00f3pico en el que Cuba se libera del yugo dictatorial, empieza a ser un pa\u00eds pr\u00f3spero y \u201creflorece\u201d\u2026<\/p><p>\r\n\r\n\t\t<a href=\"https:\/\/eldiario.com\/2021\/07\/26\/tres-libros-para-entender-la-historia-de-cuba\/\" target=\"_blank\" class=\"shortcode-button btn btn-color\" id=\"shortcode-0e8a7a2e00969f650d90127bac037799\" >\r\n\t\t<span>M\u00e1s Informaci\u00f3n<\/span>\r\n\t<\/a>\r\n\r\n<\/p><\/p>\r\n\t\t<\/div>\r\n\t<\/div>\r\n\r\n<div class=\"spacer\" id=\"shortcode-a6c2c0e26fcabca6cb2fc4c1b81b6766\"><\/div>\r\n\r\n<div class=\"fw-accordion\" id=\"shortcode-05112b794c33e5dd31f5f9c19a29cda2\" >\r\n\t\t\t<h3 class=\"fw-accordion-title font-subheading\">ABC Espa\u00f1a<\/h3>\r\n\t\t<div class=\"fw-accordion-content\">\r\n\t\t\t<p><p>La muerte acecha en los cap\u00edtulos de la&nbsp;\u201cSinfon\u00eda Cubana\u201d, una trilog\u00eda literaria escrita por&nbsp;Jorge Luis Camacho,&nbsp;que ya fue lanzada en Amazon. Pero lo asombroso es la&nbsp;pena capital&nbsp;por supuestos delitos pol\u00edticos que decreta&nbsp;Fidel Castro&nbsp;y compa\u00f1\u00eda en los primeros d\u00edas tras haber triunfado la revoluci\u00f3n\u2026<\/p><p>\r\n\r\n\t\t<a href=\"https:\/\/abcblogs.abc.es\/bochinche-venezolano\/cultura\/la-sinfonia-cubana-de-camacho.html\" target=\"_blank\" class=\"shortcode-button btn btn-color\" id=\"shortcode-829ad075d8a7055de66263333c69c284\" >\r\n\t\t<span>M\u00e1s informaci\u00f3n<\/span>\r\n\t<\/a>\r\n\r\n<\/p><\/p>\r\n\t\t<\/div>\r\n\t\t\t<h3 class=\"fw-accordion-title font-subheading\">La Familia De Broward<\/h3>\r\n\t\t<div class=\"fw-accordion-content\">\r\n\t\t\t<p><p>Dicen que los cubanos son capaces de re\u00edr de lo mismo que los hace llorar.&nbsp;\u201cSinfon\u00eda Cubana\u201d despierta en los lectores muchas emociones, pero, sobre todo, los hace descubrir el llanto-risa.<\/p><p>Esta trilog\u00eda cuenta la historia de los Robles-Serra, familia propietaria de \u201cLa Rosa\u201d, un central azucarero expropiado por el castrismo en 1960, que ellos sue\u00f1an con reconstruir desde entonces.<\/p><p>Dos mujeres heredar\u00e1n de ese sue\u00f1o\u2026<\/p><p>\r\n\r\n\t\t<a href=\"https:\/\/www.14ymedio.com\/entrevista\/Jorge_Luis_Camacho-Sinfonia_cubana_0_3149685005.html\" target=\"_blank\" class=\"shortcode-button btn btn-color\" id=\"shortcode-8b9c542f2a0cfb3bbd3708d1e7803f41\" >\r\n\t\t<span>M\u00e1s Informaci\u00f3n<\/span>\r\n\t<\/a>\r\n\r\n<\/p><\/p>\r\n\t\t<\/div>\r\n\t\t\t<h3 class=\"fw-accordion-title font-subheading\">Para Enterarte Networks<\/h3>\r\n\t\t<div class=\"fw-accordion-content\">\r\n\t\t\t<p><p>Compuesta por tres vol\u00famenes cual si fuesen \u201cMovimientos\" de una obra musical sinf\u00f3nica, ya podemos leer \u2018Sinfon\u00eda Cubana\u2019, la primera saga familiar hist\u00f3rica de la literatura cubana que recorre todo el llamado periodo revolucionario, e inclusive y m\u00e1s all\u00e1, al imaginar el postcastrismo y el regreso de la democracia a Cuba.<\/p><p>En entrevista con su autor, el escritor y guionista Jorge Luis Camacho, explica que se trata de una saga familiar que transcurre entre La Habana, Miami, Nueva York y Par\u00eds\u2026<\/p><p>\r\n\r\n\t\t<a href=\"https:\/\/www.paraenterarte.com\/single-post\/ficci%C3%B3n-e-historia-convergen-en-sinfon%C3%ADa-cubana\" target=\"_blank\" class=\"shortcode-button btn btn-color\" id=\"shortcode-8b9c542f2a0cfb3bbd3708d1e7803f41\" >\r\n\t\t<span>M\u00e1s Informaci\u00f3n<\/span>\r\n\t<\/a>\r\n\r\n<\/p><\/p>\r\n\t\t<\/div>\r\n\t\t\t<h3 class=\"fw-accordion-title font-subheading\">Academia de la Historia de Cuba en el Exilio<\/h3>\r\n\t\t<div class=\"fw-accordion-content\">\r\n\t\t\t<p><p>Jorge Luis Camacho. Sinfon\u00eda cubana I. Una familia cubana en la tormenta de la revoluci\u00f3n. Primer movimiento. \u201cAllegro ma non troppo.\u201d\u2026<\/p><p>\r\n\r\n\t\t<a href=\"https:\/\/blogacademiaahce.blogspot.com\/2021\/06\/jorge-luis-camacho-sinfonia-cubana-i.html\" target=\"_blank\" class=\"shortcode-button btn btn-color\" id=\"shortcode-1e60ba408667738c54dcc5f82a4e33f1\" >\r\n\t\t<span>M\u00e1s informaci\u00f3n<\/span>\r\n\t<\/a>\r\n\r\n<\/p><\/p>\r\n\t\t<\/div>\r\n\t<\/div>\r\n\r\n<div class=\"spacer\" id=\"shortcode-4399964dae5f34f08dc6104a883999c0\"><\/div><img src=\"\/\/jorgeluiscamacho.com\/wp-content\/uploads\/2022\/04\/Trilogia-Sinfonia-Cubana.webp\" alt=\"\/\/jorgeluiscamacho.com\/wp-content\/uploads\/2022\/04\/Trilogia-Sinfonia-Cubana.webp\" class=\"\" data-wow-delay=\"\" height=\"800\" \/><\/div>\r\n<div id=\"shortcode-23f912388bf50fa5561c6f40a95ecb9b\" class=\"fw-col-xs-12 fw-col-sm-12 fw-col-md-6 text-left\" >\r\n\t<img src=\"\/\/jorgeluiscamacho.com\/wp-content\/uploads\/2022\/04\/76116c_c96c1d09729f4297a24887335893f0a3_mv2.jpg\" alt=\"\/\/jorgeluiscamacho.com\/wp-content\/uploads\/2022\/04\/76116c_c96c1d09729f4297a24887335893f0a3_mv2.jpg\" class=\"\" data-wow-delay=\"\" \/>\r\n\r\n<div class=\"spacer\" id=\"shortcode-81edf4f69bd50ba453767e95446a7a73\"><\/div>\r\n\r\n<div class=\"fw-accordion\" id=\"shortcode-902db50da0c0feb2d591e059937ab2c6\" >\r\n\t\t\t<h3 class=\"fw-accordion-title font-subheading\">Diario Las Am\u00e9ricas<\/h3>\r\n\t\t<div class=\"fw-accordion-content\">\r\n\t\t\t<p><p>Jorge Luis Camacho la define como \"la primera saga familiar hist\u00f3rica de la literatura cubana que recorre todo el llamado periodo revolucionario\"\u2026<\/p><p>\r\n\r\n\t\t<a href=\"https:\/\/www.diariolasamericas.com\/cultura\/presentan-miami-saga-familiar-historica-sinfonia-cubana-n4222476\" target=\"_blank\" class=\"shortcode-button btn btn-color\" id=\"shortcode-89b53ea9a473a47407b16af27b0a89ed\" >\r\n\t\t<span>M\u00e1s Informaci\u00f3n<\/span>\r\n\t<\/a>\r\n\r\n<\/p><\/p>\r\n\t\t<\/div>\r\n\t\t\t<h3 class=\"fw-accordion-title font-subheading\">Diario Testigo<\/h3>\r\n\t\t<div class=\"fw-accordion-content\">\r\n\t\t\t<p><p>Sinfon\u00eda Cubana: Obra literaria que predijo los recientes sucesos en Cuba\u2026<\/p><p>\r\n\r\n\t\t<a href=\"https:\/\/www.diariotestigo.com\/sinfonia-cubana-predijo-sucesos-cuba\/\" target=\"_blank\" class=\"shortcode-button btn btn-color\" id=\"shortcode-829ad075d8a7055de66263333c69c284\" >\r\n\t\t<span>M\u00e1s informaci\u00f3n<\/span>\r\n\t<\/a>\r\n\r\n<\/p><\/p>\r\n\t\t<\/div>\r\n\t\t\t<h3 class=\"fw-accordion-title font-subheading\">Mujer Latina Usa<\/h3>\r\n\t\t<div class=\"fw-accordion-content\">\r\n\t\t\t<p><p><strong>La historia detr\u00e1s de esta trilog\u00eda<\/strong><\/p><p>Jorge Luis Camacho pas\u00f3 primero un per\u00edodo investigando la historia hasta establecer una cronolog\u00eda. Entonces comenz\u00f3 a escribir la novela entretejiendo historia y ficci\u00f3n de manera que cada escena de ficci\u00f3n tuviese lugar un d\u00eda en que suced\u00eda algo importante en la historia.&nbsp;<\/p><p>Los dos primeros libros o movimientos est\u00e1n construidos de esa manera. Cada escena comienza por una fecha y termina por un peque\u00f1o resumen de lo sucedido ese d\u00eda en la realidad. La escena de ficci\u00f3n puede tener relaci\u00f3n con el hecho hist\u00f3rico o no. Generalmente no tiene relaci\u00f3n\u2026<\/p><p>\r\n\r\n\t\t<a href=\"https:\/\/www.mujerlatinausa.com\/sinfonia-cubana-de-jorge-luis-camacho\" target=\"_blank\" class=\"shortcode-button btn btn-color\" id=\"shortcode-6a1173085a93ad3c1a19c146fa2109d9\" >\r\n\t\t<span>M\u00e1s Informaci\u00f3n<\/span>\r\n\t<\/a>\r\n\r\n<\/p><\/p>\r\n\t\t<\/div>\r\n\t<\/div><\/div>\r\n\t\t<\/div>\r\n\t<\/div>\r\n\t<\/section>\r\n<\/p>","protected":false},"excerpt":{"rendered":"<p>Prensa Escrita La opini\u00f3n de la prensa especializada 14yMedio Portada Jorge Luis Camacho naci\u00f3 en 1956 en C\u00e1rdenas, Matanzas \u2013donde, recuerda, se iz\u00f3 por primera vez la bandera cubana, &#8220;una bandera anexionista&#8221;, que pretend\u00eda incorporar esa estrella a las otras de Estados Unidos\u2013, pero es residente desde hace 40 a\u00f1os en Par\u00eds\u2026 M\u00e1s Informaci\u00f3n Radio&#8230;<\/p>","protected":false},"author":1,"featured_media":0,"parent":0,"menu_order":0,"comment_status":"closed","ping_status":"closed","template":"","meta":{"spay_email":""},"_links":{"self":[{"href":"https:\/\/jorgeluiscamacho.com\/en_us\/wp-json\/wp\/v2\/pages\/910"}],"collection":[{"href":"https:\/\/jorgeluiscamacho.com\/en_us\/wp-json\/wp\/v2\/pages"}],"about":[{"href":"https:\/\/jorgeluiscamacho.com\/en_us\/wp-json\/wp\/v2\/types\/page"}],"author":[{"embeddable":true,"href":"https:\/\/jorgeluiscamacho.com\/en_us\/wp-json\/wp\/v2\/users\/1"}],"replies":[{"embeddable":true,"href":"https:\/\/jorgeluiscamacho.com\/en_us\/wp-json\/wp\/v2\/comments?post=910"}],"version-history":[{"count":198,"href":"https:\/\/jorgeluiscamacho.com\/en_us\/wp-json\/wp\/v2\/pages\/910\/revisions"}],"predecessor-version":[{"id":1182,"href":"https:\/\/jorgeluiscamacho.com\/en_us\/wp-json\/wp\/v2\/pages\/910\/revisions\/1182"}],"wp:attachment":[{"href":"https:\/\/jorgeluiscamacho.com\/en_us\/wp-json\/wp\/v2\/media?parent=910"}],"curies":[{"name":"wp","href":"https:\/\/api.w.org\/{rel}","templated":true}]}}