{"id":498,"date":"2017-08-15T15:07:35","date_gmt":"2017-08-15T15:07:35","guid":{"rendered":"http:\/\/jorgeluiscamacho.com\/?page_id=498"},"modified":"2022-04-23T23:34:24","modified_gmt":"2022-04-23T21:34:24","slug":"two-books","status":"publish","type":"page","link":"https:\/\/jorgeluiscamacho.com\/en_us\/","title":{"rendered":"Two Books"},"content":{"rendered":"<p>\r\n<section class=\"pos-r section-light is-parallax\"  id=\"shortcode-7434d3a9bfd61ac715004f06e080659a\" >\r\n\t\t\t<div class=\"overlay-color\"><\/div>\r\n\t\t<div class=\"fw-container\">\r\n\t\t<div class=\"fw-row\">\r\n\t\t\t<div id=\"shortcode-c5efd485ade9cc504267856b6960fa6c\" class=\"fw-col-xs-12 fw-col-sm-12 fw-col-md-4 text-center\" >\r\n\t\r\n<div class=\"BookImage\" id=\"shortcode-4cccf8e383bafbc442603596bb95e643\"  >\r\n\t\t\t<div class=\"book-image-wrapper SingleProductImage\">\r\n\t\t\t<div class=\"PageFlipBook\">\r\n\t\t\t\t\t\t\t\t\t\t\t\t<a href=\"https:\/\/jorgeluiscamacho.com\/en_us\/product\/sinfonia-cubana-i\/\" class=\"has-edge has-edge-thick\">\r\n\t\t\t\t\t<img src=\"https:\/\/jorgeluiscamacho.com\/wp-content\/uploads\/2017\/08\/SC_Ebook_5_EP-1-1-486x700.jpg\" class=\"wp-post-image\">\r\n\t\t\t\t<\/a>\r\n\t\t\t\t\t\t\t\t\t\t\t<\/div>\r\n\t\t<\/div>\r\n\t<\/div><!-- end BookImage -->\r\n\r\n\r\n<div class=\"spacer\" id=\"shortcode-9efe1d8cd9fe1959bdb6d24aed297303\"><\/div><div class=\"SpecialHeading fw-heading  text-center mt-20 mb-60  is-wow zoomIn\" id=\"shortcode-2fbaac028f8748a3481176bd03e9e315\" data-wow-delay=\"0.003s\">\r\n\t\t\t\t\t<h3 class=\"special-title special-heading-letter\">SINFON\u00cdA CUBANA I<\/h3>\t\t<div class=\"special-subtitle\">Allegro ma non troppo<\/div>\r\n\t<\/div>\r\n\r\n\t\t\t<a href=\"https:\/\/jorgeluiscamacho.com\/en_us\/product\/sinfonia-cubana-i\/\" class=\"shortcode-button btn btn-normal  is-wow fadeInLeft\" id=\"shortcode-ffc8107a2f7febe73e9986dc4a32d421\" data-wow-delay=\"0.005s\">\r\n\t\t\t<span>Consultar Libro<\/span>\r\n\t\t<\/a>\r\n\t\t\r\n<\/div>\r\n<div id=\"shortcode-549e2a027deb8ca701ada606805e10b8\" class=\"fw-col-xs-12 fw-col-sm-12 fw-col-md-4 text-center\" >\r\n\t\r\n<div class=\"BookImage\" id=\"shortcode-98000d420ccfe20aa3b1795a6d1f0d6b\"  >\r\n\t\t\t<div class=\"book-image-wrapper SingleProductImage\">\r\n\t\t\t<div class=\"PageFlipBook\">\r\n\t\t\t\t\t\t\t\t\t\t\t\t<a href=\"https:\/\/jorgeluiscamacho.com\/en_us\/product\/sinfonia-cubana-ii\/\" class=\"has-edge has-edge-thick\">\r\n\t\t\t\t\t<img src=\"https:\/\/jorgeluiscamacho.com\/wp-content\/uploads\/2017\/08\/SC_Ebook_5_EP-2-486x700.jpg\" class=\"wp-post-image\">\r\n\t\t\t\t<\/a>\r\n\t\t\t\t\t\t\t\t\t\t\t<\/div>\r\n\t\t<\/div>\r\n\t<\/div><!-- end BookImage -->\r\n\r\n\r\n<div class=\"spacer\" id=\"shortcode-2ff31cd36e0612692d6c015d260ac774\"><\/div><div class=\"SpecialHeading fw-heading  text-center mt-20 mb-60  is-wow zoomIn\" id=\"shortcode-0bf2f4adb0cdd4b7a7f9076aab1b9578\" data-wow-delay=\"0.004s\">\r\n\t\t\t\t\t<h3 class=\"special-title special-heading-letter\">SINFON\u00cdA CUBANA II<\/h3>\t\t<div class=\"special-subtitle\">Tempo Marziale<\/div>\r\n\t<\/div>\r\n\r\n\t\t\t<a href=\"https:\/\/jorgeluiscamacho.com\/en_us\/product\/sinfonia-cubana-ii\/\" class=\"shortcode-button btn btn-normal  is-wow fadeInDown\" id=\"shortcode-c14df3d47d00b133c11e1c0f1f73f722\" data-wow-delay=\"0.007s\">\r\n\t\t\t<span>Consultar Libro<\/span>\r\n\t\t<\/a>\r\n\t\t\r\n<\/div>\r\n<div id=\"shortcode-9721fe74ae4d892c0697c08315a807d9\" class=\"fw-col-xs-12 fw-col-sm-12 fw-col-md-4 text-center\" >\r\n\t\r\n<div class=\"BookImage\" id=\"shortcode-7b35b7f6749c768e3dd5f4ce0daa2431\"  >\r\n\t\t\t<div class=\"book-image-wrapper SingleProductImage\">\r\n\t\t\t<div class=\"PageFlipBook\">\r\n\t\t\t\t\t\t\t\t\t\t\t\t<a href=\"https:\/\/jorgeluiscamacho.com\/en_us\/product\/sinfonia-cubana-iii\/\" class=\"has-edge has-edge-thick\">\r\n\t\t\t\t\t<img src=\"https:\/\/jorgeluiscamacho.com\/wp-content\/uploads\/2017\/08\/SC_Ebook_5_EP-3-486x700.jpg\" class=\"wp-post-image\">\r\n\t\t\t\t<\/a>\r\n\t\t\t\t\t\t\t\t\t\t\t<\/div>\r\n\t\t<\/div>\r\n\t<\/div><!-- end BookImage -->\r\n\r\n\r\n<div class=\"spacer\" id=\"shortcode-1dd66315ea5b886207b036cc5b8d3960\"><\/div><div class=\"SpecialHeading fw-heading  text-center mt-20 mb-60  is-wow zoomIn\" id=\"shortcode-aaddaf9281c7c915ab8521b974728845\" data-wow-delay=\"0.005s\">\r\n\t\t\t\t\t<h3 class=\"special-title special-heading-letter\">SINFON\u00cdA CUBANA III<\/h3>\t\t<div class=\"special-subtitle\">Da Capo<\/div>\r\n\t<\/div>\r\n\r\n\t\t\t<a href=\"https:\/\/jorgeluiscamacho.com\/en_us\/product\/sinfonia-cubana-iii\/\" class=\"shortcode-button btn btn-normal  is-wow fadeInRight\" id=\"shortcode-46b1fd8c7f9be80ab6410270b0939d2e\" data-wow-delay=\"0.005s\">\r\n\t\t\t<span>Consultar Libro<\/span>\r\n\t\t<\/a>\r\n\t\t\r\n<\/div>\r\n\t\t<\/div>\r\n\t<\/div>\r\n\t<\/section>\r\n\r\n<section class=\"pos-r\"  id=\"shortcode-55dcf5bb317a85e4d1ca94db5e1651c1\" >\r\n\t\t<div class=\"fw-container\">\r\n\t\t<div class=\"fw-row\">\r\n\t\t\t\r\n\r\n<div class=\"SpecialTextBlock special-text-block-color special-text-block-has-image pos-r  is-wow fadeInDown\" id=\"shortcode-ecb4122a9d786f6465a7ca83ab2e8b50\" data-wow-delay=\"0.25s\">\r\n\t\r\n\t\t<div class=\"SpecialHeading fw-heading mb-40\">\r\n\t\t<h2 class=\"special-title special-heading-letter\">Jorge Luis Camacho<\/h2>\r\n\t\t\t\t<div class=\"special-subtitle\">Autor del best-seller \"La Queue du Singe\"<\/div>\r\n\t\t\t<\/div>\r\n\t\t\t<div class=\"special-text-block-image\">\t\t\r\n\t\t<div class=\"bg-image\" data-bg-image=\"\/\/jorgeluiscamacho.com\/wp-content\/uploads\/2021\/06\/12-05-24-JL-Camacho-031-H-def-2.jpg\"><\/div>\r\n\t<\/div>\r\n\t\t\t\t\t\t<div class=\"special-text-block-content section-light font-subheading\">\r\n\t\t\t\t<p>Jorge Luis Camacho naci\u00f3 Cuba, en 1956. Emigr\u00f3 a Par\u00eds en 1981. Escribe en espa\u00f1ol y franc\u00e9s. En Cuba estudi\u00f3 m\u00fasica, antes de ser fundador del \"Instituto Superior de Artes\", donde estudi\u00f3 actuaci\u00f3n. En Par\u00eds fue alumno del prestigioso \"Conservatoire national sup\u00e9rieur d'art dramatiques\".<\/p><p>Trabaj\u00f3 como actor en Francia en el teatro, el cine y la televisi\u00f3n, con conocidos directores y actores como Jean Paul Belmondo, Victoria Abril, Nicole Garcia, Robert Hossein, Robert Enrico y otros. \u00danico fundador de la asociaci\u00f3n de guionistas franceses que no era de lengua materna francesa, ha sido guionista en Francia por m\u00e1s de veinte a\u00f1os. Su pel\u00edcula \"Habana Eva\", dirigida por Fina Torres, gan\u00f3 numerosos premios, entre otros el \"Rita Award for Best Feature Film\" en el LALIF de Los Angeles. En el \u00e1mbito de la m\u00fasica ha sido cantante, m\u00fasico y letrista.<\/p><p>Y ha tenido el privilegio de trabajar con personalidades como Alexandre Desplat (ganador de dos Oscar por su m\u00fasica), Patato Vald\u00e9s, Papo Pep\u00edn, Oriente L\u00f3pez, William Cepeda, Jimmy Bosch, Manuel Anoyvega, Victor Paz, etc. Ha escrito las novelas. \"Sinfon\u00eda Cubana\". Trilog\u00eda. Publicada en espa\u00f1ol. \"La Queue du Singe\". Edition, Actes-Sud y Pergaminho. (publicada en fran\u00e7ais y portugu\u00e9s). \"El Otro lado de la Olas\". Publicada en espa\u00f1ol. \"La Conspiration des taches.\". Publicada en franc\u00e9s.<\/p>\t<\/div>\r\n\t\t\r\n<\/div> <!-- end SpecialTextBlock -->\t\t<\/div>\r\n\t<\/div>\r\n\t<\/section>\r\n\r\n<section class=\"pos-r section-light is-parallax\"  id=\"shortcode-fd89c7c94e7ef8456b70c3f41944ac0c\" >\r\n\t\t\t<div class=\"overlay-color\"><\/div>\r\n\t\t<div class=\"fw-container-full\">\r\n\t\t<div class=\"fw-row\">\r\n\t\t\t<div id=\"shortcode-fe36ca1559be4063512690a36e1b4507\" class=\"fw-col-xs-12 fw-col-sm-12 fw-col-md-12 text-center\" >\r\n\t<div class=\"SpecialHeading fw-heading  text-center mt-20 mb-60  is-wow fadeInUp\" id=\"shortcode-d55f30b7e1862884ef469945aba59847\" data-wow-delay=\"0s\">\r\n\t\t\t\t\t<h3 class=\"special-title special-heading-letter\">Jorge Luis Camacho<\/h3>\t\t<div class=\"special-subtitle\">Autor de la trilog\u00eda \"Sinfon\u00eda Cubana\"<\/div>\r\n\t<\/div><img src=\"\/\/jorgeluiscamacho.com\/wp-content\/uploads\/2017\/08\/floral-e1502803589979.png\" alt=\"\/\/jorgeluiscamacho.com\/wp-content\/uploads\/2017\/08\/floral-e1502803589979.png\" class=\"is-wow fadeInUp\" data-wow-delay=\"0s\" \/><\/div>\r\n\t\t<\/div>\r\n\t<\/div>\r\n\t<\/section>\r\n\r\n<section class=\"pos-r\"  id=\"shortcode-bb99c8212a1d73c2d958d98f3b57abeb\" >\r\n\t\t<div class=\"fw-container\">\r\n\t\t<div class=\"fw-row\">\r\n\t\t\t<div id=\"shortcode-710f3717300eecc0ba4508e0b17b2158\" class=\"fw-col-xs-12 fw-col-sm-12 fw-col-md-12 text-left\" >\r\n\t<div class=\"SpecialHeading fw-heading  text-center mt-20 mb-60  is-wow fadeInDown\" id=\"shortcode-d41ce92a22f7ba34c7a2be606351cdb0\" data-wow-delay=\"0s\">\r\n\t\t\t\t\t<h4 class=\"special-title special-heading-letter\">Pr\u00f3xima Publicaci\u00f3n<\/h4>\t<\/div><\/div>\r\n<div id=\"shortcode-5f1d7e251181fdc35c20f551d17cd2fb\" class=\"fw-col-xs-12 fw-col-sm-12 fw-col-md-4 text-center\" >\r\n\t\r\n\r\n<div class=\"spacer\" id=\"shortcode-7f93f203ad6d3b7fc169155061f4ba9b\"><\/div>\r\n\r\n<blockquote id=\"shortcode-6b7968efda30dcd5754719e2e93091c7\" class=\"is-wow zoomIn\" data-wow-delay=\"0.01s\">\r\n\t<i class=\"blockquote-icon\"><\/i>\r\n\t<i class=\"blockquote-icon\"><\/i>\r\n\t<div class=\"blockquote-content font-subheading\">\r\n\t\t<p>Cuando el amor y las ideas se enfrentan.<\/p>\r\n\t<\/div>\r\n\t\t<footer><cite>Jorge Luis Camacho<\/cite><\/footer>\r\n\t<\/blockquote>\r\n\r\n<div class=\"spacer\" id=\"shortcode-9b6c6925fb07f9807f247292509f719d\"><\/div>\r\n\r\n\t\t\t\t\t<button type=\"button\" class=\"shortcode-button btn is-page-flip btn-normal  is-wow zoomIn\" data-post-id=\"128\"><i class=\"icon-book-open\"><\/i><span>Consultar Libro<\/span><\/button>\r\n\t\t\t\t\r\n<\/div>\r\n<div id=\"shortcode-32e30827479e9909bd5253272a1c26ed\" class=\"fw-col-xs-12 fw-col-sm-12 fw-col-md-8 text-left\" >\r\n\t\t<div class=\"BookImageBackground  book-bg-type-2\">\r\n\t\t<div class=\"bg-image is-parallax\" data-bg-image=\"\/\/jorgeluiscamacho.com\/wp-content\/uploads\/2022\/04\/cuba2.webp\"><\/div>\r\n\t<\/div>\r\n\r\n<div class=\"BookImage  is-wow fadeInRight text-right\" id=\"shortcode-901b8348b58b2090d36ac0c4b03d94ff\" data-wow-delay=\"0.01s\" >\r\n\t\t\t<div class=\"book-image-wrapper SingleProductImage\">\r\n\t\t\t<div class=\"PageFlipBook\">\r\n\t\t\t\t\t\t\t\t\t\t\t\t<a href=\"https:\/\/jorgeluiscamacho.com\/en_us\" class=\"has-edge has-edge-thick\">\r\n\t\t\t\t\t<img src=\"\" class=\"wp-post-image\">\r\n\t\t\t\t<\/a>\r\n\t\t\t\t\t\t\t\t\t\t\t<\/div>\r\n\t\t<\/div>\r\n\t<\/div><!-- end BookImage -->\r\n<\/div>\r\n\t\t<\/div>\r\n\t<\/div>\r\n\t<\/section>\r\n\r\n<section class=\"pos-r section-light is-parallax\"  id=\"shortcode-ac8a5a3016e4eb1b56ea7a527600c495\" >\r\n\t\t\t<div class=\"overlay-color\"><\/div>\r\n\t\t<div class=\"fw-container-full\">\r\n\t\t<div class=\"fw-row\">\r\n\t\t\t<div id=\"shortcode-be67a968a92c9d86e9b57f591be35691\" class=\"fw-col-xs-12 fw-col-sm-12 fw-col-md-12 text-center\" >\r\n\t<\/div>\r\n\t\t<\/div>\r\n\t<\/div>\r\n\t<\/section>\r\n<\/p>","protected":false},"excerpt":{"rendered":"<p>SINFON\u00cdA CUBANA I Allegro ma non troppo Consultar Libro SINFON\u00cdA CUBANA II Tempo Marziale Consultar Libro SINFON\u00cdA CUBANA III Da Capo Consultar Libro Jorge Luis Camacho Autor del best-seller &#8220;La Queue du Singe&#8221; Jorge Luis Camacho naci\u00f3 Cuba, en 1956. Emigr\u00f3 a Par\u00eds en 1981. Escribe en espa\u00f1ol y franc\u00e9s. En Cuba estudi\u00f3 m\u00fasica, antes&#8230;<\/p>","protected":false},"author":1,"featured_media":0,"parent":0,"menu_order":0,"comment_status":"closed","ping_status":"closed","template":"","meta":{"spay_email":""},"_links":{"self":[{"href":"https:\/\/jorgeluiscamacho.com\/en_us\/wp-json\/wp\/v2\/pages\/498"}],"collection":[{"href":"https:\/\/jorgeluiscamacho.com\/en_us\/wp-json\/wp\/v2\/pages"}],"about":[{"href":"https:\/\/jorgeluiscamacho.com\/en_us\/wp-json\/wp\/v2\/types\/page"}],"author":[{"embeddable":true,"href":"https:\/\/jorgeluiscamacho.com\/en_us\/wp-json\/wp\/v2\/users\/1"}],"replies":[{"embeddable":true,"href":"https:\/\/jorgeluiscamacho.com\/en_us\/wp-json\/wp\/v2\/comments?post=498"}],"version-history":[{"count":143,"href":"https:\/\/jorgeluiscamacho.com\/en_us\/wp-json\/wp\/v2\/pages\/498\/revisions"}],"predecessor-version":[{"id":1200,"href":"https:\/\/jorgeluiscamacho.com\/en_us\/wp-json\/wp\/v2\/pages\/498\/revisions\/1200"}],"wp:attachment":[{"href":"https:\/\/jorgeluiscamacho.com\/en_us\/wp-json\/wp\/v2\/media?parent=498"}],"curies":[{"name":"wp","href":"https:\/\/api.w.org\/{rel}","templated":true}]}}