{"id":1087,"date":"2022-04-22T23:05:38","date_gmt":"2022-04-22T21:05:38","guid":{"rendered":"http:\/\/jorgeluiscamacho.com\/?page_id=1087"},"modified":"2022-04-23T22:58:13","modified_gmt":"2022-04-23T20:58:13","slug":"entrevistas","status":"publish","type":"page","link":"https:\/\/jorgeluiscamacho.com\/en_us\/entrevistas\/","title":{"rendered":"Entrevistas"},"content":{"rendered":"<p>\r\n<section class=\"pos-r section-light is-parallax\"  id=\"shortcode-27aad9ff67045d989daf0497223227f0\" >\r\n\t\t\t<div class=\"overlay-color\"><\/div>\r\n\t\t<div class=\"fw-container is-matchheight-container\">\r\n\t\t<div class=\"fw-row\">\r\n\t\t\t<div class=\"SpecialHeading fw-heading  text-center mt-20 mb-60  is-wow fadeInUp\" id=\"shortcode-01e105241259979ffade0da4e680d5d8\" data-wow-delay=\"0.15s\">\r\n\t\t\t\t\t<h5 class=\"special-title special-heading-letter\">Entrevistas<\/h5>\t<\/div>\t\t<\/div>\r\n\t<\/div>\r\n\t<\/section>\r\n\r\n<section class=\"pos-r\"  id=\"shortcode-a5b43d0ff04cfcd87fb0a1f9ba467ac6\" >\r\n\t\t<div class=\"fw-container\">\r\n\t\t<div class=\"fw-row\">\r\n\t\t\t<div id=\"shortcode-ecf2dc5855eccb6ced685de8de09c71d\" class=\"fw-col-xs-12 fw-col-sm-12 fw-col-md-6 text-center\" >\r\n\t\r\n\r\n<blockquote id=\"shortcode-f012fb17b865635d2d2ae156cf249b8c\" class=\"is-wow fadeInLeft\" data-wow-delay=\"0.25s\">\r\n\t<i class=\"blockquote-icon\"><\/i>\r\n\t<i class=\"blockquote-icon\"><\/i>\r\n\t<div class=\"blockquote-content font-subheading\">\r\n\t\t<p>El escritor cubano Jorge Luis Camacho acaba de presentar su trilog\u00eda titulada \"Sinfon\u00eda cubana\", saga familiar en tres novelas que abarcan desde el inicio de la revoluci\u00f3n hasta la una probable llegada de la democracia.\n\nNaturalmente ha estado con Jordi Batalle en El invitado de RFI para present\u00e1rnosla\u2026<\/p>\r\n\t<\/div>\r\n\t\t<footer><cite>Radio France International<\/cite><\/footer>\r\n\t<\/blockquote><\/div>\r\n<div id=\"shortcode-ee4a7020a28cfc3bbe194a2314224f65\" class=\"fw-col-xs-12 fw-col-sm-12 fw-col-md-6 text-center\" >\r\n\t<div class=\"video-wrapper shortcode-container  is-wow fadeInRight\" id=\"shortcode-859f23fe40f2a4cf5fa22953d094e65d\" data-wow-delay=\"0.25s\">\r\n\t\t<iframe title=\"El escritor cubano Jorge Luis Camacho presenta su \u2018Sinfon\u00eda cubana\u2019\" width=\"650\" height=\"366\" src=\"https:\/\/www.youtube.com\/embed\/s2FLBVZoQpM?feature=oembed\" frameborder=\"0\" allow=\"accelerometer; autoplay; clipboard-write; encrypted-media; gyroscope; picture-in-picture; web-share\" referrerpolicy=\"strict-origin-when-cross-origin\" allowfullscreen><\/iframe><\/div>\r\n<\/div>\r\n\t\t<\/div>\r\n\t<\/div>\r\n\t<\/section>\r\n\r\n<section class=\"pos-r\"  id=\"shortcode-4ffd38cf182bc1d4ca394c92d4c267ac\" >\r\n\t\t<div class=\"fw-container\">\r\n\t\t<div class=\"fw-row\">\r\n\t\t\t<div id=\"shortcode-8260c675e7e55f6f8f310b3da3a1def0\" class=\"fw-col-xs-12 fw-col-sm-12 fw-col-md-6 text-left\" >\r\n\t<div class=\"video-wrapper shortcode-container  is-wow fadeInLeft\" id=\"shortcode-498fdd5ac96b55475c6d20d0e42a2c84\" data-wow-delay=\"0.25s\">\r\n\t\t<iframe title=\"Jorge Luis Camacho en Palabra Digital\" width=\"650\" height=\"488\" src=\"https:\/\/www.youtube.com\/embed\/mH-9nUS0i7U?feature=oembed\" frameborder=\"0\" allow=\"accelerometer; autoplay; clipboard-write; encrypted-media; gyroscope; picture-in-picture; web-share\" referrerpolicy=\"strict-origin-when-cross-origin\" allowfullscreen><\/iframe><\/div>\r\n<\/div>\r\n<div id=\"shortcode-cf6e3ab1f52247921e83e070ae459fcb\" class=\"fw-col-xs-12 fw-col-sm-12 fw-col-md-6 text-left\" >\r\n\t\r\n\r\n<blockquote id=\"shortcode-ba91116be048ccd679ac84351655cd08\" class=\"is-wow fadeInRight\" data-wow-delay=\"0.25s\">\r\n\t<i class=\"blockquote-icon\"><\/i>\r\n\t<i class=\"blockquote-icon\"><\/i>\r\n\t<div class=\"blockquote-content font-subheading\">\r\n\t\t<p>In\u00e9s Mu\u00f1oz Aguirre conversa con el autor de la trilog\u00eda Sinfon\u00eda Cubana. Camacho, residenciado en Par\u00eds nos cuenta como estructura esta novela que nos hace recordar la fragilidad de la l\u00ednea divisoria entre la ficci\u00f3n y la realidad. El hilo conductor formado por los acontecimientos hist\u00f3ricos se viste de ficci\u00f3n para entre un hecho y otro, brindarnos la posibilidad de ver hacia el futuro, aunque exista el viejo dicho de \"que nadie aprende con experiencia ajena\"...<\/p>\r\n\t<\/div>\r\n\t\t<footer><cite>Palabra Digital<\/cite><\/footer>\r\n\t<\/blockquote><\/div>\r\n\t\t<\/div>\r\n\t<\/div>\r\n\t<\/section>\r\n\r\n<section class=\"pos-r\"  id=\"shortcode-d90e5e679ee61c0b4d83f4af4b3ef97f\" >\r\n\t\t<div class=\"fw-container\">\r\n\t\t<div class=\"fw-row\">\r\n\t\t\t<div id=\"shortcode-d95c429ac68893e3123a93aad576b19e\" class=\"fw-col-xs-12 fw-col-sm-12 fw-col-md-6 text-center\" >\r\n\t\r\n\r\n<blockquote id=\"shortcode-38f89c506e0c37d9db2e97e08f0ab3a5\" class=\"is-wow fadeInRight\" data-wow-delay=\"0.25s\">\r\n\t<i class=\"blockquote-icon\"><\/i>\r\n\t<i class=\"blockquote-icon\"><\/i>\r\n\t<div class=\"blockquote-content font-subheading\">\r\n\t\t<p>El escritor cubano Jorge Luis Camacho en \"AL AIRE CON ANA PATRICIA CANDIANI\" habla sobre su SINFON\u00cdA CUBANA, una saga familiar donde se asoma la historia\u2026<\/p>\r\n\t<\/div>\r\n\t\t<footer><cite>Ana Patricia Candiani<\/cite><\/footer>\r\n\t<\/blockquote><\/div>\r\n<div id=\"shortcode-c7c527adce9870008b4861eb2e7ec568\" class=\"fw-col-xs-12 fw-col-sm-12 fw-col-md-6 text-center\" >\r\n\t<div class=\"video-wrapper shortcode-container  is-wow fadeInLeft\" id=\"shortcode-a4231af13f4aab44f84569d29cdc360a\" data-wow-delay=\"0.25s\">\r\n\t\t<iframe title=\"Jorge Luis Camacho AL AIRE CON ANA PATRICIA CANDIANI\" width=\"650\" height=\"366\" src=\"https:\/\/www.youtube.com\/embed\/e2Ff18NRWyA?feature=oembed\" frameborder=\"0\" allow=\"accelerometer; autoplay; clipboard-write; encrypted-media; gyroscope; picture-in-picture; web-share\" referrerpolicy=\"strict-origin-when-cross-origin\" allowfullscreen><\/iframe><\/div>\r\n<\/div>\r\n\t\t<\/div>\r\n\t<\/div>\r\n\t<\/section>\r\n\r\n<section class=\"pos-r\"  id=\"shortcode-e5585344e9a9c1027557165fa5383a05\" >\r\n\t\t<div class=\"fw-container\">\r\n\t\t<div class=\"fw-row\">\r\n\t\t\t<div id=\"shortcode-05d1b00610faad7e7b4a3bab51f7a48d\" class=\"fw-col-xs-12 fw-col-sm-12 fw-col-md-6 text-center\" >\r\n\t<div class=\"video-wrapper shortcode-container  is-wow fadeInRight\" id=\"shortcode-ac515ee09f8613711785e5dc0bb30d5d\" data-wow-delay=\"0.25s\">\r\n\t\t<iframe title=\"BV 061421 CAMACHO\" width=\"650\" height=\"366\" src=\"https:\/\/www.youtube.com\/embed\/AnKVC8orQEw?feature=oembed\" frameborder=\"0\" allow=\"accelerometer; autoplay; clipboard-write; encrypted-media; gyroscope; picture-in-picture; web-share\" referrerpolicy=\"strict-origin-when-cross-origin\" allowfullscreen><\/iframe><\/div>\r\n<div class=\"video-wrapper shortcode-container  is-wow fadeInLeft\" id=\"shortcode-288e87aa6fd4acef50da629822c83566\" data-wow-delay=\"0.25s\">\r\n\t\t<iframe title=\"BV072621 CAMACHO\" width=\"650\" height=\"366\" src=\"https:\/\/www.youtube.com\/embed\/WaUCCIIdi6o?feature=oembed\" frameborder=\"0\" allow=\"accelerometer; autoplay; clipboard-write; encrypted-media; gyroscope; picture-in-picture; web-share\" referrerpolicy=\"strict-origin-when-cross-origin\" allowfullscreen><\/iframe><\/div>\r\n<\/div>\r\n<div id=\"shortcode-d89c3a57b32b0848037f490ac803b7ab\" class=\"fw-col-xs-12 fw-col-sm-12 fw-col-md-6 text-center\" >\r\n\t\r\n\r\n<div class=\"spacer\" id=\"shortcode-c3d94fe5026cab6d66bd5c6585c82bc5\"><\/div>\r\n\r\n<blockquote id=\"shortcode-f56057735e1fa6988ea921100e5133df\" class=\"is-wow fadeInLeft\" data-wow-delay=\"0.25s\">\r\n\t<i class=\"blockquote-icon\"><\/i>\r\n\t<i class=\"blockquote-icon\"><\/i>\r\n\t<div class=\"blockquote-content font-subheading\">\r\n\t\t<p>Jorge Luis Camacho responde a las preguntas de la Dra Maritza Fuentes y nos habla de su trilog\u00eda \"Sinfon\u00eda Cubana\". Primera saga familiar hist\u00f3rica de la literatura cubana que narra el per\u00edodo del castrismo desde el punto de vista de los desterrados y va incluso m\u00e1s all\u00e1, pues cuenta el regreso de la democracia. \nEntre pasado y presente, hechos reales e imaginarios: \"Sinfon\u00eda Cubana\", la historia de una familia que bien podr\u00eda ser una Historia de Cuba...<\/p>\r\n\t<\/div>\r\n\t\t<footer><cite>Dra Maritza Fuentes<\/cite><\/footer>\r\n\t<\/blockquote><\/div>\r\n\t\t<\/div>\r\n\t<\/div>\r\n\t<\/section>\r\n\r\n<section class=\"pos-r\"  id=\"shortcode-bbc4e663373d43c63eb2d6c6d0e53565\" >\r\n\t\t<div class=\"fw-container\">\r\n\t\t<div class=\"fw-row\">\r\n\t\t\t<div id=\"shortcode-0e4d4950f7cb9c3fbfa3fd8b9cee93ae\" class=\"fw-col-xs-12 fw-col-sm-12 fw-col-md-6 text-center\" >\r\n\t<div class=\"video-wrapper shortcode-container  is-wow fadeInLeft\" id=\"shortcode-62de816989b5f4eca196424ef3a93c32\" data-wow-delay=\"0.25s\">\r\n\t\t<iframe title=\"Jorge Luis Camacho: \u2018La democracia llegar\u00e1 a Cuba muy pronto\u2019\" width=\"650\" height=\"366\" src=\"https:\/\/www.youtube.com\/embed\/Sco5zlP15eE?feature=oembed\" frameborder=\"0\" allow=\"accelerometer; autoplay; clipboard-write; encrypted-media; gyroscope; picture-in-picture; web-share\" referrerpolicy=\"strict-origin-when-cross-origin\" allowfullscreen><\/iframe><\/div>\r\n<\/div>\r\n<div id=\"shortcode-7d787eca2a7bfad71075845410b1ad03\" class=\"fw-col-xs-12 fw-col-sm-12 fw-col-md-6 text-center\" >\r\n\t\r\n\r\n<blockquote id=\"shortcode-18e413fcfd2968cf341afa1ed04af123\" class=\"is-wow fadeInLeft\" data-wow-delay=\"0.25s\">\r\n\t<i class=\"blockquote-icon\"><\/i>\r\n\t<i class=\"blockquote-icon\"><\/i>\r\n\t<div class=\"blockquote-content font-subheading\">\r\n\t\t<p>Jorge Luis Camacho responde a Astrid Chang Vega para \"La estrella de Panam\u00e1.com\" y nos habla de su sorprendente trilog\u00eda \"Sinfon\u00eda Cubana\".<\/p>\r\n\t<\/div>\r\n\t\t<footer><cite>Astrid Chang Vega<\/cite><\/footer>\r\n\t<\/blockquote><\/div>\r\n\t\t<\/div>\r\n\t<\/div>\r\n\t<\/section>\r\n<\/p>","protected":false},"excerpt":{"rendered":"<p>Entrevistas El escritor cubano Jorge Luis Camacho acaba de presentar su trilog\u00eda titulada &#8220;Sinfon\u00eda cubana&#8221;, saga familiar en tres novelas que abarcan desde el inicio de la revoluci\u00f3n hasta la una probable llegada de la democracia. Naturalmente ha estado con Jordi Batalle en El invitado de RFI para present\u00e1rnosla\u2026 Radio France International In\u00e9s Mu\u00f1oz Aguirre&#8230;<\/p>","protected":false},"author":1,"featured_media":0,"parent":0,"menu_order":0,"comment_status":"closed","ping_status":"closed","template":"","meta":{"spay_email":""},"_links":{"self":[{"href":"https:\/\/jorgeluiscamacho.com\/en_us\/wp-json\/wp\/v2\/pages\/1087"}],"collection":[{"href":"https:\/\/jorgeluiscamacho.com\/en_us\/wp-json\/wp\/v2\/pages"}],"about":[{"href":"https:\/\/jorgeluiscamacho.com\/en_us\/wp-json\/wp\/v2\/types\/page"}],"author":[{"embeddable":true,"href":"https:\/\/jorgeluiscamacho.com\/en_us\/wp-json\/wp\/v2\/users\/1"}],"replies":[{"embeddable":true,"href":"https:\/\/jorgeluiscamacho.com\/en_us\/wp-json\/wp\/v2\/comments?post=1087"}],"version-history":[{"count":33,"href":"https:\/\/jorgeluiscamacho.com\/en_us\/wp-json\/wp\/v2\/pages\/1087\/revisions"}],"predecessor-version":[{"id":1149,"href":"https:\/\/jorgeluiscamacho.com\/en_us\/wp-json\/wp\/v2\/pages\/1087\/revisions\/1149"}],"wp:attachment":[{"href":"https:\/\/jorgeluiscamacho.com\/en_us\/wp-json\/wp\/v2\/media?parent=1087"}],"curies":[{"name":"wp","href":"https:\/\/api.w.org\/{rel}","templated":true}]}}