{"id":1041,"date":"2022-04-21T22:13:31","date_gmt":"2022-04-21T20:13:31","guid":{"rendered":"http:\/\/jorgeluiscamacho.com\/?page_id=1041"},"modified":"2022-04-23T23:24:48","modified_gmt":"2022-04-23T21:24:48","slug":"my-escritos","status":"publish","type":"page","link":"https:\/\/jorgeluiscamacho.com\/en_us\/my-escritos\/","title":{"rendered":"Escritos"},"content":{"rendered":"<section class=\"pos-r\"  id=\"shortcode-8ad16b896177ae5a66b9fc350051c3d2\" >\r\n\t\t<div class=\"fw-container\">\r\n\t\t<div class=\"fw-row\">\r\n\t\t\t<div id=\"shortcode-ba96912879ec222b8253cb26def31ea7\" class=\"fw-col-xs-12 fw-col-sm-12 fw-col-md-12 text-left\" >\r\n\t\r\n\r\n<div class=\"BooksPanel  is-wow zoomIn\" id=\"shortcode-78ccb1a450b16a9ef0958eff3c6b44c0\" data-wow-delay=\"0.25s\">\r\n\t\r\n\t<div class=\"books-panel-container mt-40 row\">\r\n\r\n\t\r\n\t<div class=\"books-panel-item col-sm-4 col-xs-6\">\r\n\t\t<a href=\"https:\/\/jorgeluiscamacho.com\/en_us\/product\/sinfonia-cubana-i\/\" class=\"books-panel-item-wrap is-book-panel-trigger\" data-panel-show=\"128\">\r\n\t\t\t\t\t\t\t\t\t<div class=\"book-thumb-img-wrap has-edge\">\r\n\t\t\t\t<img width=\"278\" height=\"400\" src=\"https:\/\/jorgeluiscamacho.com\/wp-content\/uploads\/2017\/08\/SC_Ebook_5_EP-1-1-278x400.jpg\" class=\"attachment-odrin_small_soft size-odrin_small_soft wp-post-image\" alt=\"\" loading=\"lazy\" srcset=\"https:\/\/jorgeluiscamacho.com\/wp-content\/uploads\/2017\/08\/SC_Ebook_5_EP-1-1-278x400.jpg 278w, https:\/\/jorgeluiscamacho.com\/wp-content\/uploads\/2017\/08\/SC_Ebook_5_EP-1-1-scaled-700x1008.jpg 700w, https:\/\/jorgeluiscamacho.com\/wp-content\/uploads\/2017\/08\/SC_Ebook_5_EP-1-1-208x300.jpg 208w, https:\/\/jorgeluiscamacho.com\/wp-content\/uploads\/2017\/08\/SC_Ebook_5_EP-1-1-711x1024.jpg 711w, https:\/\/jorgeluiscamacho.com\/wp-content\/uploads\/2017\/08\/SC_Ebook_5_EP-1-1-768x1106.jpg 768w, https:\/\/jorgeluiscamacho.com\/wp-content\/uploads\/2017\/08\/SC_Ebook_5_EP-1-1-1066x1536.jpg 1066w, https:\/\/jorgeluiscamacho.com\/wp-content\/uploads\/2017\/08\/SC_Ebook_5_EP-1-1-1422x2048.jpg 1422w, https:\/\/jorgeluiscamacho.com\/wp-content\/uploads\/2017\/08\/SC_Ebook_5_EP-1-1-486x700.jpg 486w, https:\/\/jorgeluiscamacho.com\/wp-content\/uploads\/2017\/08\/SC_Ebook_5_EP-1-1-903x1300.jpg 903w, https:\/\/jorgeluiscamacho.com\/wp-content\/uploads\/2017\/08\/SC_Ebook_5_EP-1-1-scaled.jpg 1777w\" sizes=\"(max-width: 278px) 100vw, 278px\" \/>\t\t\t<\/div>\r\n\t\t\t\t\t\t<h2 class=\"book-thumb-title\">SINFON\u00cdA CUBANA I<\/h2>\r\n\t\t<\/a>\r\n\t<\/div><!-- end books-panel-item -->\r\n\r\n\t\r\n\t<div class=\"books-panel-item col-sm-4 col-xs-6\">\r\n\t\t<a href=\"https:\/\/jorgeluiscamacho.com\/en_us\/product\/sinfonia-cubana-ii\/\" class=\"books-panel-item-wrap is-book-panel-trigger\" data-panel-show=\"145\">\r\n\t\t\t\t\t\t\t\t\t<div class=\"book-thumb-img-wrap has-edge\">\r\n\t\t\t\t<img width=\"278\" height=\"400\" src=\"https:\/\/jorgeluiscamacho.com\/wp-content\/uploads\/2017\/08\/SC_Ebook_5_EP-2-278x400.jpg\" class=\"attachment-odrin_small_soft size-odrin_small_soft wp-post-image\" alt=\"\" loading=\"lazy\" srcset=\"https:\/\/jorgeluiscamacho.com\/wp-content\/uploads\/2017\/08\/SC_Ebook_5_EP-2-278x400.jpg 278w, https:\/\/jorgeluiscamacho.com\/wp-content\/uploads\/2017\/08\/SC_Ebook_5_EP-2-scaled-700x1008.jpg 700w, https:\/\/jorgeluiscamacho.com\/wp-content\/uploads\/2017\/08\/SC_Ebook_5_EP-2-208x300.jpg 208w, https:\/\/jorgeluiscamacho.com\/wp-content\/uploads\/2017\/08\/SC_Ebook_5_EP-2-711x1024.jpg 711w, https:\/\/jorgeluiscamacho.com\/wp-content\/uploads\/2017\/08\/SC_Ebook_5_EP-2-768x1106.jpg 768w, https:\/\/jorgeluiscamacho.com\/wp-content\/uploads\/2017\/08\/SC_Ebook_5_EP-2-1067x1536.jpg 1067w, https:\/\/jorgeluiscamacho.com\/wp-content\/uploads\/2017\/08\/SC_Ebook_5_EP-2-1423x2048.jpg 1423w, https:\/\/jorgeluiscamacho.com\/wp-content\/uploads\/2017\/08\/SC_Ebook_5_EP-2-486x700.jpg 486w, https:\/\/jorgeluiscamacho.com\/wp-content\/uploads\/2017\/08\/SC_Ebook_5_EP-2-903x1300.jpg 903w, https:\/\/jorgeluiscamacho.com\/wp-content\/uploads\/2017\/08\/SC_Ebook_5_EP-2-scaled.jpg 1778w\" sizes=\"(max-width: 278px) 100vw, 278px\" \/>\t\t\t<\/div>\r\n\t\t\t\t\t\t<h2 class=\"book-thumb-title\">SINFON\u00cdA CUBANA II<\/h2>\r\n\t\t<\/a>\r\n\t<\/div><!-- end books-panel-item -->\r\n\r\n\t\r\n\t<div class=\"books-panel-item col-sm-4 col-xs-6\">\r\n\t\t<a href=\"https:\/\/jorgeluiscamacho.com\/en_us\/product\/sinfonia-cubana-iii\/\" class=\"books-panel-item-wrap is-book-panel-trigger\" data-panel-show=\"791\">\r\n\t\t\t\t\t\t\t\t\t<div class=\"book-thumb-img-wrap has-edge\">\r\n\t\t\t\t<img width=\"278\" height=\"400\" src=\"https:\/\/jorgeluiscamacho.com\/wp-content\/uploads\/2017\/08\/SC_Ebook_5_EP-3-278x400.jpg\" class=\"attachment-odrin_small_soft size-odrin_small_soft wp-post-image\" alt=\"\" loading=\"lazy\" srcset=\"https:\/\/jorgeluiscamacho.com\/wp-content\/uploads\/2017\/08\/SC_Ebook_5_EP-3-278x400.jpg 278w, https:\/\/jorgeluiscamacho.com\/wp-content\/uploads\/2017\/08\/SC_Ebook_5_EP-3-scaled-700x1008.jpg 700w, https:\/\/jorgeluiscamacho.com\/wp-content\/uploads\/2017\/08\/SC_Ebook_5_EP-3-208x300.jpg 208w, https:\/\/jorgeluiscamacho.com\/wp-content\/uploads\/2017\/08\/SC_Ebook_5_EP-3-711x1024.jpg 711w, https:\/\/jorgeluiscamacho.com\/wp-content\/uploads\/2017\/08\/SC_Ebook_5_EP-3-768x1106.jpg 768w, https:\/\/jorgeluiscamacho.com\/wp-content\/uploads\/2017\/08\/SC_Ebook_5_EP-3-1066x1536.jpg 1066w, https:\/\/jorgeluiscamacho.com\/wp-content\/uploads\/2017\/08\/SC_Ebook_5_EP-3-1422x2048.jpg 1422w, https:\/\/jorgeluiscamacho.com\/wp-content\/uploads\/2017\/08\/SC_Ebook_5_EP-3-486x700.jpg 486w, https:\/\/jorgeluiscamacho.com\/wp-content\/uploads\/2017\/08\/SC_Ebook_5_EP-3-903x1300.jpg 903w, https:\/\/jorgeluiscamacho.com\/wp-content\/uploads\/2017\/08\/SC_Ebook_5_EP-3-scaled.jpg 1777w\" sizes=\"(max-width: 278px) 100vw, 278px\" \/>\t\t\t<\/div>\r\n\t\t\t\t\t\t<h2 class=\"book-thumb-title\">SINFON\u00cdA CUBANA III<\/h2>\r\n\t\t<\/a>\r\n\t<\/div><!-- end books-panel-item -->\r\n\r\n\t\t\t\r\n\t<\/div><!-- end books-panel-container -->\r\n\r\n\r\n\t<div class=\"books-panel-info is-sticky-kit\">\r\n\r\n\t\t\r\n\t\t\r\n\t\t\r\n\t\t<div class=\"books-panel-info-inner mt-80\" data-panel-id=\"128\">\r\n\t\t\t\t\t\t<a href=\"https:\/\/jorgeluiscamacho.com\/en_us\/product\/sinfonia-cubana-i\/\"><h2 class=\"book-panel-info-title\">SINFON\u00cdA CUBANA I<\/h2><\/a>\r\n\t\t\t<div class=\"book-panel-info-categories dash-left dash-dark\"><a href=\"https:\/\/jorgeluiscamacho.com\/en_us\/product-category\/trilogia\/\" rel=\"tag\">Saga Hist\u00f3rica<\/a><\/div>\t\t\t<div class=\"book-panel-info-description\">\r\n\t\t\t\r\n\t\t\t\t<p style=\"text-align: justify;\">Entre La Habana, Miami, New York y Par\u00eds, una saga familiar donde se asoma la Historia. Desde la toma del poder de Fidel Castro hasta la muerte del castrismo. Desde el apogeo del comunismo mundial hasta su estrepitosa ca\u00edda. Desde las promesas de un futuro mejor del pasado siglo en Cuba hasta la miseria y la represi\u00f3n de hoy. Desde la p\u00e9rdida del central azucarero de la familia Robles-Serra hasta su renacer. Entre pasado y presente, hechos reales e imaginarios, una trilog\u00eda: &#8220;Sinfon\u00eda Cubana&#8221;, la historia de una familia que bien podr\u00eda ser una Historia de Cuba.<\/p>\n\t\t\t\t\r\n\t\t\t\t\t\t\t\t\t\t\t\t\t\t\t\t\t\t<button type=\"button\" class=\"btn is-page-flip\" data-post-id=\"128\"><i class=\"icon-book-open\"><\/i>Consultar el libro<\/button>\r\n\t\t\t\t\t\t\t\t<a href=\"https:\/\/jorgeluiscamacho.com\/en_us\/product\/sinfonia-cubana-i\/\" class=\"special-link\">View Book<\/a>\r\n\t\t\t\t\t\t\t<\/div>\r\n\t\t<\/div><!-- end books-panel-info-inner -->\r\n\r\n\t\r\n\t\t\r\n\t\t\r\n\t\t<div class=\"books-panel-info-inner mt-80\" data-panel-id=\"145\">\r\n\t\t\t\t\t\t<a href=\"https:\/\/jorgeluiscamacho.com\/en_us\/product\/sinfonia-cubana-ii\/\"><h2 class=\"book-panel-info-title\">SINFON\u00cdA CUBANA II<\/h2><\/a>\r\n\t\t\t<div class=\"book-panel-info-categories dash-left dash-dark\"><a href=\"https:\/\/jorgeluiscamacho.com\/en_us\/product-category\/trilogia\/\" rel=\"tag\">Saga Hist\u00f3rica<\/a><\/div>\t\t\t<div class=\"book-panel-info-description\">\r\n\t\t\t\r\n\t\t\t\t<p style=\"text-align: justify;\">Entre La Habana, Miami, New York y Par\u00eds, una saga familiar donde se asoma la Historia. Desde la toma del poder de Fidel Castro hasta la muerte del castrismo. Desde el apogeo del comunismo mundial hasta su estrepitosa ca\u00edda. Desde las promesas de un futuro mejor del pasado siglo en Cuba hasta la miseria y la represi\u00f3n de hoy. Desde la p\u00e9rdida del central azucarero de la familia Robles-Serra hasta su renacer. Entre pasado y presente, hechos reales e imaginarios, una trilog\u00eda: \u201cSinfon\u00eda Cubana\u201d, la historia de una familia que bien podr\u00eda ser una Historia de Cuba.<\/p>\n\t\t\t\t\r\n\t\t\t\t\t\t\t\t\t\t\t\t\t\t\t\t\t\t<button type=\"button\" class=\"btn is-page-flip\" data-post-id=\"145\"><i class=\"icon-book-open\"><\/i>consultar el libro<\/button>\r\n\t\t\t\t\t\t\t\t<a href=\"https:\/\/jorgeluiscamacho.com\/en_us\/product\/sinfonia-cubana-ii\/\" class=\"special-link\">View Book<\/a>\r\n\t\t\t\t\t\t\t<\/div>\r\n\t\t<\/div><!-- end books-panel-info-inner -->\r\n\r\n\t\r\n\t\t\r\n\t\t\r\n\t\t<div class=\"books-panel-info-inner mt-80\" data-panel-id=\"791\">\r\n\t\t\t\t\t\t<a href=\"https:\/\/jorgeluiscamacho.com\/en_us\/product\/sinfonia-cubana-iii\/\"><h2 class=\"book-panel-info-title\">SINFON\u00cdA CUBANA III<\/h2><\/a>\r\n\t\t\t<div class=\"book-panel-info-categories dash-left dash-dark\"><a href=\"https:\/\/jorgeluiscamacho.com\/en_us\/product-category\/trilogia\/\" rel=\"tag\">Saga Hist\u00f3rica<\/a><\/div>\t\t\t<div class=\"book-panel-info-description\">\r\n\t\t\t\r\n\t\t\t\t<p style=\"text-align: justify;\">Entre La Habana, Miami, New York y Par\u00eds, una saga familiar donde se asoma la Historia. Desde la toma del poder de Fidel Castro hasta la muerte del castrismo. Desde el apogeo del comunismo mundial hasta su estrepitosa ca\u00edda. Desde las promesas de un futuro mejor del pasado siglo en Cuba hasta la miseria y la represi\u00f3n de hoy. Desde la p\u00e9rdida del central azucarero de la familia Robles-Serra hasta su renacer. Entre pasado y presente, hechos reales e imaginarios, una trilog\u00eda: \u201cSinfon\u00eda Cubana\u201d, la historia de una familia que bien podr\u00eda ser una Historia de Cuba.<\/p>\n\t\t\t\t\r\n\t\t\t\t\t\t\t\t\t\t\t\t\t\t\t\t\t\t<button type=\"button\" class=\"btn is-page-flip\" data-post-id=\"791\"><i class=\"icon-book-open\"><\/i>Consultar el libro<\/button>\r\n\t\t\t\t\t\t\t\t<a href=\"https:\/\/jorgeluiscamacho.com\/en_us\/product\/sinfonia-cubana-iii\/\" class=\"special-link\">View Book<\/a>\r\n\t\t\t\t\t\t\t<\/div>\r\n\t\t<\/div><!-- end books-panel-info-inner -->\r\n\r\n\t\r\n\t\t\r\n\t<\/div><!-- end books-panel-info -->\r\n\r\n\t\t\r\n<\/div> <!-- end BooksPanel --><\/div>\r\n\t\t<\/div>\r\n\t<\/div>\r\n\t<\/section>","protected":false},"excerpt":{"rendered":"<p>No llorar\u00e1, est\u00e1 claro. No ceder al dolor es importante, se lo ha o\u00eddo decir a su abuelo. Tiene incluso un nombre, se llama dignidad. En el avi\u00f3n que lo arranca a Cuba, Julio cierra los ojos para agudizar los sentidos. Cree percibir el \u00faltimo contacto del aeroplano con la tierra. &#8220;Desterrado, \u00bfser\u00e1 esto?&#8221;. En&#8230;<\/p>","protected":false},"author":1,"featured_media":0,"parent":0,"menu_order":0,"comment_status":"closed","ping_status":"closed","template":"","meta":{"spay_email":""},"_links":{"self":[{"href":"https:\/\/jorgeluiscamacho.com\/en_us\/wp-json\/wp\/v2\/pages\/1041"}],"collection":[{"href":"https:\/\/jorgeluiscamacho.com\/en_us\/wp-json\/wp\/v2\/pages"}],"about":[{"href":"https:\/\/jorgeluiscamacho.com\/en_us\/wp-json\/wp\/v2\/types\/page"}],"author":[{"embeddable":true,"href":"https:\/\/jorgeluiscamacho.com\/en_us\/wp-json\/wp\/v2\/users\/1"}],"replies":[{"embeddable":true,"href":"https:\/\/jorgeluiscamacho.com\/en_us\/wp-json\/wp\/v2\/comments?post=1041"}],"version-history":[{"count":8,"href":"https:\/\/jorgeluiscamacho.com\/en_us\/wp-json\/wp\/v2\/pages\/1041\/revisions"}],"predecessor-version":[{"id":1194,"href":"https:\/\/jorgeluiscamacho.com\/en_us\/wp-json\/wp\/v2\/pages\/1041\/revisions\/1194"}],"wp:attachment":[{"href":"https:\/\/jorgeluiscamacho.com\/en_us\/wp-json\/wp\/v2\/media?parent=1041"}],"curies":[{"name":"wp","href":"https:\/\/api.w.org\/{rel}","templated":true}]}}