{"id":791,"date":"2021-06-27T14:40:37","date_gmt":"2021-06-27T12:40:37","guid":{"rendered":"http:\/\/jorgeluiscamacho.com\/?post_type=product&#038;p=791"},"modified":"2022-06-21T18:29:32","modified_gmt":"2022-06-21T16:29:32","slug":"sinfonia-cubana-iii","status":"publish","type":"product","link":"http:\/\/jorgeluiscamacho.com\/en_us\/product\/sinfonia-cubana-iii\/","title":{"rendered":"SINFON\u00cdA CUBANA III"},"content":{"rendered":"<p style=\"text-align: justify;\" align=\"justify\"><span style=\"font-family: Arial, serif;\"><span style=\"font-size: medium;\"><span lang=\"es-ES\">No llorar\u00e1, est\u00e1 claro. No ceder al dolor es importante, se lo ha o\u00eddo decir a su abuelo. Tiene incluso un nombre, se llama dignidad. <\/span><\/span><\/span><span style=\"font-family: Arial, serif;\"><span style=\"font-size: medium;\"><span lang=\"es-419\">En el avi\u00f3n que lo arranca a Cuba, Julio cierra los ojos para agudizar los sentidos. Cree percibir el \u00faltimo contacto del aeroplano con la tierra. &#8220;Desterrado, \u00bfser\u00e1 esto?&#8221;. <\/span><\/span><\/span><\/p>\n<p style=\"text-align: justify;\" align=\"justify\"><span style=\"font-family: Arial, serif;\"><span style=\"font-size: medium;\"><span lang=\"es-419\">En Miami los Robles-Serra reencuentran a Patricio. Es la \u00fanica alegr\u00eda de ese aciago d\u00eda. Si estuviese viva <\/span><\/span><\/span><span style=\"font-family: Arial, serif;\"><span style=\"font-size: medium;\"><span lang=\"es-ES\">Libertad, la felicidad ser\u00eda casi completa, piensan todos mientras lo abrazan. Nadie lo dice, claro, la felicidad puede ser intensa, pero es siempre fr\u00e1gil. Eso ya lo han aprendido.<\/span><\/span><\/span><\/p>\n<p style=\"text-align: justify;\" align=\"justify\"><span style=\"font-family: Arial, serif;\"><span style=\"font-size: medium;\"><span lang=\"es-419\">Las proas rasgan las aguas y la noche. <\/span><\/span><\/span><span style=\"font-family: Arial, serif;\"><span style=\"font-size: medium;\"><span lang=\"es-ES\">En Miami <\/span><\/span><\/span><span style=\"font-family: Arial, serif;\"><span style=\"font-size: medium;\"><span lang=\"es-419\">Julio llora, Sof\u00eda tambi\u00e9n, Fernando intenta sin \u00e9xito no pensar en lo peor. Rodrigo y Patricio navegan rumbo a la Historia, <\/span><\/span><\/span><span style=\"font-family: Arial, serif;\"><span style=\"font-size: medium;\"><span lang=\"es-ES\">forman <\/span><\/span><\/span><span style=\"font-family: Arial, serif;\"><span style=\"font-size: medium;\"><span lang=\"es-419\">parte de un peque\u00f1o y mal armado ej\u00e9rcito de cubanos creado por los Estados Unidos: la Brigada 2506. <\/span><\/span><\/span><\/p>\n<p style=\"text-align: justify;\" align=\"justify\"><span style=\"font-family: Arial, serif;\"><span style=\"font-size: medium;\"><span lang=\"es-419\">Tras el desembarco de los brigadistas en Cuba los combates son cruentos. No es sin embargo en Bah\u00eda de Cochinos donde se decide la batalla, sino Washington. Por oscuras razones el presidente Kennedy condena al fracaso a los hombres que mand\u00f3 a pelear a Cuba. Abandonados en la isla y sin municiones, Patricio es herido y hecho prisionero. Rodrigo muere.<\/span><\/span><\/span><\/p>\n<p style=\"text-align: justify;\" align=\"justify\"><span style=\"font-family: Arial, serif;\"><span style=\"font-size: medium;\"><span lang=\"es-419\">Regalo de bodas de los padres de Sof\u00eda, el apartamento de Par\u00eds es la \u00fanica propiedad que le queda a la familia. En \u00e9l se refugian Sof\u00eda, Fernando y Julio, para llorar la muerte de Rodrigo, buscar una manera de liberar a Patricio e intentar comenzar una nueva vida. Julio, el mimado heredero del central La Rosa es ahora un hu\u00e9rfano, arruinado y ap\u00e1trida. Para Sof\u00eda y Fernando es una enorme responsabilidad.<\/span><\/span><\/span><\/p>\n<p style=\"text-align: justify;\" align=\"justify\"><span style=\"font-family: Arial, serif;\"><span style=\"font-size: medium;\"><span lang=\"es-419\">La Uni\u00f3n Sovi\u00e9tica instalaba en secreto misiles nucleares en Cuba. Los norteamericanos lo han descubierto. Los ej\u00e9rcitos de las dos potencias se preparan para una guerra nuclear. Las negociaciones para liberar a Patricio y sus compa\u00f1eros eran ya dif\u00edciles, esta crisis las hace imposible. Castro amenaza con hacer explotar la c\u00e1rcel donde los tiene recluidos. Kennedy y Kruschov intentan evitar la guerra, el mundo se prepara para lo peor. <\/span><\/span><\/span><\/p>\n<p style=\"text-align: justify;\" align=\"justify\"><span style=\"font-family: Arial, serif;\"><span style=\"font-size: medium;\"><span lang=\"es-419\">El recibimiento de los prisioneros de Bah\u00eda de Cochinos en Miami es conmovedor. La manera en que Julio rinde homenaje a su padre y a su t\u00edo, tambi\u00e9n. En la casa alquilada por la familia para recibir a Patricio, una orquesta sinf\u00f3nica le da la bienvenida. Toca una composici\u00f3n de Julio: &#8220;Sinfon\u00eda Cubana&#8221;.<\/span><\/span><\/span><\/p>\n<p style=\"text-align: justify;\" align=\"justify\"><span style=\"font-family: Arial, serif;\"><span style=\"font-size: medium;\"><span lang=\"es-419\">Lentamente la vida retoma su curso. Julio decide poner fin a sus estudios de m\u00fasica para dedicarse al negocio del az\u00facar y cumplir tal vez la promesa hecha a su abuelo de reconstruir La Rosa. Fernando en Par\u00eds y Patricio en Nueva York recrean la Robles-Serra Sugar Trade, la empresa que dirig\u00eda Rodrigo en Cuba. Kate y Patricio se casan, pues pronto nacer\u00e1 Janet Sof\u00eda.<\/span><\/span><\/span><\/p>\n<p style=\"text-align: justify;\" align=\"justify\"><span style=\"font-family: Arial, serif;\"><span style=\"font-size: medium;\"><span lang=\"es-419\">1973\/1974. M\u00e1s tarde se le llamar\u00e1 La Locura del az\u00facar. Sucede en Par\u00eds poco tiempo despu\u00e9s de que Julio haya terminado sus estudios en la prestigiosa escuela de comercio francesa HEC. Se trata de una burbuja especulativa en el mercado del az\u00facar blanco, cuyo centro mundial es la Bolsa parisina. Para muchos es la ruina. Para unos pocos, la riqueza. Para los Robles-Serra, gracias a Julio, es el reencuentro con la fortuna.<\/span><\/span><\/span><\/p>\n<p style=\"text-align: justify;\" align=\"justify\"><span style=\"font-family: Arial, serif;\"><span style=\"font-size: medium;\"><span lang=\"es-419\">1980. En el vuelo Par\u00eds-Miami Julio conoce a Am\u00e9lie. En La Habana los cubanos toman por asalto la Embajada de Per\u00fa y huyen del pa\u00eds por decenas de miles a trav\u00e9s del puerto de Mariel. <\/span><\/span><\/span><\/p>\n<p style=\"text-align: justify;\" align=\"justify\"><span style=\"font-family: Arial, serif;\"><span style=\"font-size: medium;\"><span lang=\"es-419\">No es feliz ni duradera la relaci\u00f3n entre Amelie y Julio. El divorcio le deja a \u00e9l varias heridas y su primer hijo: Jules. <\/span><\/span><\/span><\/p>\n<p style=\"text-align: justify;\" align=\"justify\"><span style=\"font-family: Arial, serif;\"><span style=\"font-size: medium;\"><span lang=\"es-419\">1989 marca la historia del comunismo. Gracias a Emile, su amigo periodista, Julio viaja a Berl\u00edn y est\u00e1 entre los que festejan el fin del odiado Muro. All\u00ed conoce a Mila, la parisina que podr\u00e1 fin a su tristeza. <\/span><\/span><\/span><\/p>\n<p style=\"text-align: justify;\" align=\"justify\"><span style=\"font-family: Arial, serif;\"><span style=\"font-size: medium;\"><span lang=\"es-419\">Sof\u00eda y Fernando son ya dos ancianos. Viven en Colliure, que ba\u00f1a el Mediterr\u00e1neo, donde se re\u00fane siempre la familia ahora para festejar Navidad. Este a\u00f1o hay dos noticias familiares importantes, la primera es que Mila espera una ni\u00f1a: Thalia. La segunda es que Janet, la hija de Kate y Patricio, para consternaci\u00f3n del padre, anuncia que es gay. <\/span><\/span><\/span><\/p>\n<p style=\"text-align: justify;\" align=\"justify\"><span style=\"font-family: Arial, serif;\"><span style=\"font-size: medium;\"><span lang=\"es-419\">Thalia nace en Par\u00eds mientras en el Malec\u00f3n de La Habana los cubanos gritan por primera vez &#8220;Abajo Fidel&#8221;. Marcada por el atentado del Word Trade Center, Janet, aunque no ha dejado de ser gay, tiene un hijo: Patricio Ernest. Jules realiza el sue\u00f1o de su padre, al hacerse compositor. \u00c9l y su esposa Ashley traen nuevas vidas a la familia: Jules Willians y Ava. <\/span><\/span><\/span><\/p>\n<p style=\"text-align: justify;\" align=\"justify\"><span style=\"font-family: Arial, serif;\"><span style=\"font-size: medium;\"><span lang=\"es-419\">Fernando acompa\u00f1a a Sof\u00eda hasta que el coraz\u00f3n de la amada anciana se detiene. Luego muere La Rosa en Cuba, abandonada por el Gobierno como la mayor parte de los envejecidos centrales azucareros del pa\u00eds. Entonces Fernando tambi\u00e9n deja la vida. Desde ese momento, una rosa de m\u00e1rmol en el jard\u00edn de la casa de Colliure guarda las cenizas de los ancianos, en espera de que puedan ser llevadas a Cuba. La muerte de Fidel Castro indica a la familia que ese d\u00eda se acerca. <\/span><\/span><\/span><\/p>\n<p style=\"text-align: justify;\" align=\"justify\"><span style=\"font-family: Arial, serif;\"><span style=\"font-size: medium;\"><span lang=\"es-419\">Otros duelos arrancan l\u00e1grimas a los Robles-Serra, otras alegr\u00edas los re\u00fanen, pero el sue\u00f1o de ver libre a Cuba y de reconstruir La Rosa sigue vivo en ellos\u2026<\/span><\/span><\/span><\/p>\n<p style=\"text-align: justify;\" align=\"justify\"><span style=\"font-family: Arial, serif;\"><span style=\"font-size: medium;\"><span lang=\"es-419\">Hasta que se hace realidad.<\/span><\/span><\/span><\/p>\n<p>&nbsp;<\/p>\n<p>&nbsp;<\/p>","protected":false},"excerpt":{"rendered":"<p style=\"text-align: justify;\">Entre La Habana, Miami, New York y Par\u00eds, una saga familiar donde se asoma la Historia. Desde la toma del poder de Fidel Castro hasta la muerte del castrismo. Desde el apogeo del comunismo mundial hasta su estrepitosa ca\u00edda. Desde las promesas de un futuro mejor del pasado siglo en Cuba hasta la miseria y la represi\u00f3n de hoy. Desde la p\u00e9rdida del central azucarero de la familia Robles-Serra hasta su renacer. Entre pasado y presente, hechos reales e imaginarios, una trilog\u00eda: \u201cSinfon\u00eda Cubana\u201d, la historia de una familia que bien podr\u00eda ser una Historia de Cuba.<\/p>","protected":false},"featured_media":755,"comment_status":"closed","ping_status":"closed","template":"","meta":{"spay_email":""},"product_cat":[40],"product_tag":[],"_links":{"self":[{"href":"http:\/\/jorgeluiscamacho.com\/en_us\/wp-json\/wp\/v2\/product\/791"}],"collection":[{"href":"http:\/\/jorgeluiscamacho.com\/en_us\/wp-json\/wp\/v2\/product"}],"about":[{"href":"http:\/\/jorgeluiscamacho.com\/en_us\/wp-json\/wp\/v2\/types\/product"}],"replies":[{"embeddable":true,"href":"http:\/\/jorgeluiscamacho.com\/en_us\/wp-json\/wp\/v2\/comments?post=791"}],"wp:featuredmedia":[{"embeddable":true,"href":"http:\/\/jorgeluiscamacho.com\/en_us\/wp-json\/wp\/v2\/media\/755"}],"wp:attachment":[{"href":"http:\/\/jorgeluiscamacho.com\/en_us\/wp-json\/wp\/v2\/media?parent=791"}],"wp:term":[{"taxonomy":"product_cat","embeddable":true,"href":"http:\/\/jorgeluiscamacho.com\/en_us\/wp-json\/wp\/v2\/product_cat?post=791"},{"taxonomy":"product_tag","embeddable":true,"href":"http:\/\/jorgeluiscamacho.com\/en_us\/wp-json\/wp\/v2\/product_tag?post=791"}],"curies":[{"name":"wp","href":"https:\/\/api.w.org\/{rel}","templated":true}]}}