{"id":414,"date":"2017-08-15T12:17:01","date_gmt":"2017-08-15T12:17:01","guid":{"rendered":"http:\/\/jorgeluiscamacho.com\/?page_id=414"},"modified":"2017-09-20T11:11:02","modified_gmt":"2017-09-20T11:11:02","slug":"books-panel","status":"publish","type":"page","link":"http:\/\/jorgeluiscamacho.com\/en_us\/books-panel\/","title":{"rendered":"Books Panel"},"content":{"rendered":"<p>\r\n<section class=\"pos-r section-light is-parallax\"  id=\"shortcode-9513f8abdb67cce498fdcedd8ccc692d\" >\r\n\t\t\t<div class=\"overlay-color\"><\/div>\r\n\t\t<div class=\"fw-container is-matchheight-container\">\r\n\t\t<div class=\"fw-row\">\r\n\t\t\t<div id=\"shortcode-3585e0c945181bb7348d3b70519d8d9e\" class=\"fw-col-xs-12 fw-col-sm-12 fw-col-md-12 text-center\" >\r\n\t<div class=\"SpecialHeading fw-heading  text-center mt-20 mb-60  is-wow fadeInUp\" id=\"shortcode-c6248e4ee380a3d6a0f11545ab65ba16\" data-wow-delay=\"0s\">\r\n\t\t\t\t\t<h1 class=\"special-title special-heading-letter\">Welcome!<\/h1>\t\t<div class=\"special-subtitle\">You can never get a cup of tea large enough or a book long enough to suit me.<\/div>\r\n\t<\/div><img src=\"\/\/jorgeluiscamacho.com\/wp-content\/uploads\/2017\/08\/floral-e1502803589979.png\" alt=\"\/\/jorgeluiscamacho.com\/wp-content\/uploads\/2017\/08\/floral-e1502803589979.png\" class=\"is-wow fadeInUp\" data-wow-delay=\"0s\" \/><\/div>\r\n\t\t<\/div>\r\n\t<\/div>\r\n\t<\/section>\r\n\r\n<section class=\"pos-r\"  id=\"shortcode-b64470d29af9d9144cf746822c0fd0f8\" >\r\n\t\t<div class=\"fw-container\">\r\n\t\t<div class=\"fw-row\">\r\n\t\t\t\r\n\r\n<div class=\"BooksPanel\" id=\"shortcode-db6f6943175305c452fe58565c524e3a\" >\r\n\t\r\n\t<div class=\"books-panel-container mt-40 row\">\r\n\r\n\t\r\n\t<div class=\"books-panel-item col-sm-4 col-xs-6\">\r\n\t\t<a href=\"http:\/\/jorgeluiscamacho.com\/en_us\/product\/sinfonia-cubana-i\/\" class=\"books-panel-item-wrap is-book-panel-trigger\" data-panel-show=\"128\">\r\n\t\t\t\t\t\t\t\t\t<div class=\"book-thumb-img-wrap has-edge\">\r\n\t\t\t\t<img width=\"278\" height=\"400\" src=\"http:\/\/jorgeluiscamacho.com\/wp-content\/uploads\/2017\/08\/SC_Ebook_5_EP-1-1-278x400.jpg\" class=\"attachment-odrin_small_soft size-odrin_small_soft wp-post-image\" alt=\"\" loading=\"lazy\" srcset=\"http:\/\/jorgeluiscamacho.com\/wp-content\/uploads\/2017\/08\/SC_Ebook_5_EP-1-1-278x400.jpg 278w, http:\/\/jorgeluiscamacho.com\/wp-content\/uploads\/2017\/08\/SC_Ebook_5_EP-1-1-scaled-700x1008.jpg 700w, http:\/\/jorgeluiscamacho.com\/wp-content\/uploads\/2017\/08\/SC_Ebook_5_EP-1-1-208x300.jpg 208w, http:\/\/jorgeluiscamacho.com\/wp-content\/uploads\/2017\/08\/SC_Ebook_5_EP-1-1-711x1024.jpg 711w, http:\/\/jorgeluiscamacho.com\/wp-content\/uploads\/2017\/08\/SC_Ebook_5_EP-1-1-768x1106.jpg 768w, http:\/\/jorgeluiscamacho.com\/wp-content\/uploads\/2017\/08\/SC_Ebook_5_EP-1-1-1066x1536.jpg 1066w, http:\/\/jorgeluiscamacho.com\/wp-content\/uploads\/2017\/08\/SC_Ebook_5_EP-1-1-1422x2048.jpg 1422w, http:\/\/jorgeluiscamacho.com\/wp-content\/uploads\/2017\/08\/SC_Ebook_5_EP-1-1-486x700.jpg 486w, http:\/\/jorgeluiscamacho.com\/wp-content\/uploads\/2017\/08\/SC_Ebook_5_EP-1-1-903x1300.jpg 903w, http:\/\/jorgeluiscamacho.com\/wp-content\/uploads\/2017\/08\/SC_Ebook_5_EP-1-1-scaled.jpg 1777w\" sizes=\"(max-width: 278px) 100vw, 278px\" \/>\t\t\t<\/div>\r\n\t\t\t\t\t\t<h2 class=\"book-thumb-title\">SINFON\u00cdA CUBANA I<\/h2>\r\n\t\t<\/a>\r\n\t<\/div><!-- end books-panel-item -->\r\n\r\n\t\r\n\t<div class=\"books-panel-item col-sm-4 col-xs-6\">\r\n\t\t<a href=\"http:\/\/jorgeluiscamacho.com\/en_us\/product\/sinfonia-cubana-ii\/\" class=\"books-panel-item-wrap is-book-panel-trigger\" data-panel-show=\"145\">\r\n\t\t\t\t\t\t\t\t\t<div class=\"book-thumb-img-wrap has-edge\">\r\n\t\t\t\t<img width=\"278\" height=\"400\" src=\"http:\/\/jorgeluiscamacho.com\/wp-content\/uploads\/2017\/08\/SC_Ebook_5_EP-2-278x400.jpg\" class=\"attachment-odrin_small_soft size-odrin_small_soft wp-post-image\" alt=\"\" loading=\"lazy\" srcset=\"http:\/\/jorgeluiscamacho.com\/wp-content\/uploads\/2017\/08\/SC_Ebook_5_EP-2-278x400.jpg 278w, http:\/\/jorgeluiscamacho.com\/wp-content\/uploads\/2017\/08\/SC_Ebook_5_EP-2-scaled-700x1008.jpg 700w, http:\/\/jorgeluiscamacho.com\/wp-content\/uploads\/2017\/08\/SC_Ebook_5_EP-2-208x300.jpg 208w, http:\/\/jorgeluiscamacho.com\/wp-content\/uploads\/2017\/08\/SC_Ebook_5_EP-2-711x1024.jpg 711w, http:\/\/jorgeluiscamacho.com\/wp-content\/uploads\/2017\/08\/SC_Ebook_5_EP-2-768x1106.jpg 768w, http:\/\/jorgeluiscamacho.com\/wp-content\/uploads\/2017\/08\/SC_Ebook_5_EP-2-1067x1536.jpg 1067w, http:\/\/jorgeluiscamacho.com\/wp-content\/uploads\/2017\/08\/SC_Ebook_5_EP-2-1423x2048.jpg 1423w, http:\/\/jorgeluiscamacho.com\/wp-content\/uploads\/2017\/08\/SC_Ebook_5_EP-2-486x700.jpg 486w, http:\/\/jorgeluiscamacho.com\/wp-content\/uploads\/2017\/08\/SC_Ebook_5_EP-2-903x1300.jpg 903w, http:\/\/jorgeluiscamacho.com\/wp-content\/uploads\/2017\/08\/SC_Ebook_5_EP-2-scaled.jpg 1778w\" sizes=\"(max-width: 278px) 100vw, 278px\" \/>\t\t\t<\/div>\r\n\t\t\t\t\t\t<h2 class=\"book-thumb-title\">SINFON\u00cdA CUBANA II<\/h2>\r\n\t\t<\/a>\r\n\t<\/div><!-- end books-panel-item -->\r\n\r\n\t\t\t\r\n\t<\/div><!-- end books-panel-container -->\r\n\r\n\r\n\t<div class=\"books-panel-info is-sticky-kit\">\r\n\r\n\t\t\r\n\t\t\r\n\t\t\r\n\t\t<div class=\"books-panel-info-inner mt-80\" data-panel-id=\"128\">\r\n\t\t\t\t\t\t<a href=\"http:\/\/jorgeluiscamacho.com\/en_us\/product\/sinfonia-cubana-i\/\"><h2 class=\"book-panel-info-title\">SINFON\u00cdA CUBANA I<\/h2><\/a>\r\n\t\t\t<div class=\"book-panel-info-categories dash-left dash-dark\"><a href=\"http:\/\/jorgeluiscamacho.com\/en_us\/product-category\/trilogia\/\" rel=\"tag\">Saga Hist\u00f3rica<\/a><\/div>\t\t\t<div class=\"book-panel-info-description\">\r\n\t\t\t\r\n\t\t\t\t<p style=\"text-align: justify;\">Entre La Habana, Miami, New York y Par\u00eds, una saga familiar donde se asoma la Historia. Desde la toma del poder de Fidel Castro hasta la muerte del castrismo. Desde el apogeo del comunismo mundial hasta su estrepitosa ca\u00edda. Desde las promesas de un futuro mejor del pasado siglo en Cuba hasta la miseria y la represi\u00f3n de hoy. Desde la p\u00e9rdida del central azucarero de la familia Robles-Serra hasta su renacer. Entre pasado y presente, hechos reales e imaginarios, una trilog\u00eda: &#8220;Sinfon\u00eda Cubana&#8221;, la historia de una familia que bien podr\u00eda ser una Historia de Cuba.<\/p>\n\t\t\t\t\r\n\t\t\t\t\t\t\t\t\t\t\t\t\t\t\t\t\t\t<button type=\"button\" class=\"btn is-page-flip\" data-post-id=\"128\"><i class=\"icon-book-open\"><\/i>Consultar el libro<\/button>\r\n\t\t\t\t\t\t\t\t<a href=\"http:\/\/jorgeluiscamacho.com\/en_us\/product\/sinfonia-cubana-i\/\" class=\"special-link\">View Book<\/a>\r\n\t\t\t\t\t\t\t<\/div>\r\n\t\t<\/div><!-- end books-panel-info-inner -->\r\n\r\n\t\r\n\t\t\r\n\t\t\r\n\t\t<div class=\"books-panel-info-inner mt-80\" data-panel-id=\"145\">\r\n\t\t\t\t\t\t<a href=\"http:\/\/jorgeluiscamacho.com\/en_us\/product\/sinfonia-cubana-ii\/\"><h2 class=\"book-panel-info-title\">SINFON\u00cdA CUBANA II<\/h2><\/a>\r\n\t\t\t<div class=\"book-panel-info-categories dash-left dash-dark\"><a href=\"http:\/\/jorgeluiscamacho.com\/en_us\/product-category\/trilogia\/\" rel=\"tag\">Saga Hist\u00f3rica<\/a><\/div>\t\t\t<div class=\"book-panel-info-description\">\r\n\t\t\t\r\n\t\t\t\t<p style=\"text-align: justify;\">Entre La Habana, Miami, New York y Par\u00eds, una saga familiar donde se asoma la Historia. Desde la toma del poder de Fidel Castro hasta la muerte del castrismo. Desde el apogeo del comunismo mundial hasta su estrepitosa ca\u00edda. Desde las promesas de un futuro mejor del pasado siglo en Cuba hasta la miseria y la represi\u00f3n de hoy. Desde la p\u00e9rdida del central azucarero de la familia Robles-Serra hasta su renacer. Entre pasado y presente, hechos reales e imaginarios, una trilog\u00eda: \u201cSinfon\u00eda Cubana\u201d, la historia de una familia que bien podr\u00eda ser una Historia de Cuba.<\/p>\n\t\t\t\t\r\n\t\t\t\t\t\t\t\t\t\t\t\t\t\t\t\t\t\t<button type=\"button\" class=\"btn is-page-flip\" data-post-id=\"145\"><i class=\"icon-book-open\"><\/i>consultar el libro<\/button>\r\n\t\t\t\t\t\t\t\t<a href=\"http:\/\/jorgeluiscamacho.com\/en_us\/product\/sinfonia-cubana-ii\/\" class=\"special-link\">View Book<\/a>\r\n\t\t\t\t\t\t\t<\/div>\r\n\t\t<\/div><!-- end books-panel-info-inner -->\r\n\r\n\t\r\n\t\t\r\n\t<\/div><!-- end books-panel-info -->\r\n\r\n\t\t\r\n<\/div> <!-- end BooksPanel -->\t\t<\/div>\r\n\t<\/div>\r\n\t<\/section>\r\n\r\n<section class=\"pos-r section-light is-parallax\"  id=\"shortcode-8837d487af318f629db86fd83e71d1e8\" >\r\n\t\t<div class=\"fw-container is-matchheight-container\">\r\n\t\t<div class=\"fw-row\">\r\n\t\t\t<div id=\"shortcode-90e42eb69563c4a57d37b703447922d5\" class=\"fw-col-xs-12 fw-col-sm-12 fw-col-md-6 text-left\" >\r\n\t<div class=\"SpecialHeading fw-heading  text-center mt-20 mb-60  is-wow fadeInUp\" id=\"shortcode-fa44b4f816356b684f2484e21330f0a1\" data-wow-delay=\"0s\">\r\n\t\t\t\t\t<h5 class=\"special-title special-heading-letter\">Visit the Shop<\/h5>\t<\/div><\/div>\r\n<div id=\"shortcode-cf06f0c5f3341ec31221f9b20ca58ccc\" class=\"fw-col-xs-12 fw-col-sm-12 fw-col-md-6 text-center\" >\r\n\t\r\n\r\n\t\t<a href=\"http:\/\/jorgeluiscamacho.com\/en_us\/shop\/\" target=\"_blank\" class=\"shortcode-button btn btn-color  is-wow flipInY\" id=\"shortcode-b13c7245e4e65707e99dae237121c087\" data-wow-delay=\"0.5s\">\r\n\t\t<span>Visit Shop<\/span>\r\n\t<\/a>\r\n\r\n<\/div>\r\n\t\t<\/div>\r\n\t<\/div>\r\n\t<\/section>\r\n<\/p>","protected":false},"excerpt":{"rendered":"<p>Ya est\u00e1n de nuevo las m\u00e1quinas de La Rosa y las de todos los centrales de la isla triturando la ca\u00f1a fresca que se convertir\u00e1 en az\u00facar, en salarios, en riqueza. \u00a1La zafra! Los recelos de los Robles-Serra resultaron infundados, este a\u00f1o la familia sigue dirigiendo el central. Libertad espera en el consultorio del doctor&#8230;<\/p>","protected":false},"author":1,"featured_media":0,"parent":0,"menu_order":0,"comment_status":"closed","ping_status":"closed","template":"","meta":{"spay_email":""},"_links":{"self":[{"href":"http:\/\/jorgeluiscamacho.com\/en_us\/wp-json\/wp\/v2\/pages\/414"}],"collection":[{"href":"http:\/\/jorgeluiscamacho.com\/en_us\/wp-json\/wp\/v2\/pages"}],"about":[{"href":"http:\/\/jorgeluiscamacho.com\/en_us\/wp-json\/wp\/v2\/types\/page"}],"author":[{"embeddable":true,"href":"http:\/\/jorgeluiscamacho.com\/en_us\/wp-json\/wp\/v2\/users\/1"}],"replies":[{"embeddable":true,"href":"http:\/\/jorgeluiscamacho.com\/en_us\/wp-json\/wp\/v2\/comments?post=414"}],"version-history":[{"count":44,"href":"http:\/\/jorgeluiscamacho.com\/en_us\/wp-json\/wp\/v2\/pages\/414\/revisions"}],"predecessor-version":[{"id":727,"href":"http:\/\/jorgeluiscamacho.com\/en_us\/wp-json\/wp\/v2\/pages\/414\/revisions\/727"}],"wp:attachment":[{"href":"http:\/\/jorgeluiscamacho.com\/en_us\/wp-json\/wp\/v2\/media?parent=414"}],"curies":[{"name":"wp","href":"https:\/\/api.w.org\/{rel}","templated":true}]}}