{"id":13,"date":"2017-05-04T15:49:44","date_gmt":"2017-05-04T15:49:44","guid":{"rendered":"http:\/\/jorgeluiscamacho.com\/?page_id=13"},"modified":"2022-04-18T19:14:16","modified_gmt":"2022-04-18T17:14:16","slug":"home","status":"publish","type":"page","link":"http:\/\/jorgeluiscamacho.com\/en_us\/home\/","title":{"rendered":"Home"},"content":{"rendered":"<p>\r\n<section class=\"pos-r is-parallax\"  id=\"shortcode-9513f8abdb67cce498fdcedd8ccc692d\" >\r\n\t\t<div class=\"fw-container-full is-matchheight-container\">\r\n\t\t<div class=\"fw-row\">\r\n\t\t\t<div id=\"shortcode-3585e0c945181bb7348d3b70519d8d9e\" class=\"fw-col-xs-12 fw-col-sm-12 fw-col-md-4 text-left\" >\r\n\t<div class=\"SpecialHeading fw-heading  text-left mt-20 mb-60  is-wow fadeInLeft\" id=\"shortcode-c6248e4ee380a3d6a0f11545ab65ba16\" data-wow-delay=\"0s\">\r\n\t\t\t\t\t<h1 class=\"special-title special-heading-letter\">Sell Your Book<\/h1>\t\t<div class=\"special-subtitle\">Odrin - Book Landing Theme<\/div>\r\n\t<\/div>\r\n\r\n<div class=\"TextBlock  is-wow fadeInLeft\" id=\"shortcode-17d4cda93a98fdf651ed476a56cb8ff2\" data-wow-delay=\"0s\">\r\n\t<p><em><span class=\"ng-directive ng-binding\">Odrin is a theme specifically created for authors and writes to present and sell their books online. Souffl\u00e9 tart sweet roll carrot cake icing bear claw dessert oat cake. Lollipop ice cream danish jelly beans cotton candy liquorice cotton candy lemon drops halvah.<\/span><\/em><\/p><\/div>\r\n\r\n<div class=\"spacer\" id=\"shortcode-3ac401422609949163026c57331f8cf1\"><\/div>\r\n\r\n\t\t<a href=\"#\" target=\"_blank\" class=\"shortcode-button btn btn-normal  is-wow flipInX\" id=\"shortcode-e95be8fab860b63c8361cd2e394bd8d1\" data-wow-delay=\"0.2s\">\r\n\t\t<span>Browse Books<\/span>\r\n\t<\/a>\r\n\r\n<\/div>\r\n\t\t<\/div>\r\n\t<\/div>\r\n\t<\/section>\r\n\r\n<section class=\"pos-r\"  id=\"shortcode-b64470d29af9d9144cf746822c0fd0f8\" >\r\n\t\t<div class=\"fw-container\">\r\n\t\t<div class=\"fw-row\">\r\n\t\t\t<div class=\"SpecialHeading fw-heading  text-center mt-20 mb-60  is-wow fadeInLeft\" id=\"shortcode-d0c513a5489f987351b60e5c82384e8e\" data-wow-delay=\"0s\">\r\n\t\t\t\t\t<h3 class=\"special-title special-heading-letter\">Featured Books<\/h3>\t<\/div>\r\n\r\n<div class=\"spacer\" id=\"shortcode-3d499fc7cc8fa8ee0c9cc20fc817ca76\"><\/div>\r\n\r\n<div class=\"BooksPanel\" id=\"shortcode-db6f6943175305c452fe58565c524e3a\" >\r\n\t\r\n\t<div class=\"books-panel-container mt-40 row\">\r\n\r\n\t\r\n\t<div class=\"books-panel-item col-sm-4 col-xs-6\">\r\n\t\t<a href=\"http:\/\/jorgeluiscamacho.com\/en_us\/product\/sinfonia-cubana-i\/\" class=\"books-panel-item-wrap is-book-panel-trigger\" data-panel-show=\"128\">\r\n\t\t\t\t\t\t\t\t\t<div class=\"book-thumb-img-wrap has-edge\">\r\n\t\t\t\t<img width=\"278\" height=\"400\" src=\"http:\/\/jorgeluiscamacho.com\/wp-content\/uploads\/2017\/08\/SC_Ebook_5_EP-1-1-278x400.jpg\" class=\"attachment-odrin_small_soft size-odrin_small_soft wp-post-image\" alt=\"\" loading=\"lazy\" srcset=\"http:\/\/jorgeluiscamacho.com\/wp-content\/uploads\/2017\/08\/SC_Ebook_5_EP-1-1-278x400.jpg 278w, http:\/\/jorgeluiscamacho.com\/wp-content\/uploads\/2017\/08\/SC_Ebook_5_EP-1-1-scaled-700x1008.jpg 700w, http:\/\/jorgeluiscamacho.com\/wp-content\/uploads\/2017\/08\/SC_Ebook_5_EP-1-1-208x300.jpg 208w, http:\/\/jorgeluiscamacho.com\/wp-content\/uploads\/2017\/08\/SC_Ebook_5_EP-1-1-711x1024.jpg 711w, http:\/\/jorgeluiscamacho.com\/wp-content\/uploads\/2017\/08\/SC_Ebook_5_EP-1-1-768x1106.jpg 768w, http:\/\/jorgeluiscamacho.com\/wp-content\/uploads\/2017\/08\/SC_Ebook_5_EP-1-1-1066x1536.jpg 1066w, http:\/\/jorgeluiscamacho.com\/wp-content\/uploads\/2017\/08\/SC_Ebook_5_EP-1-1-1422x2048.jpg 1422w, http:\/\/jorgeluiscamacho.com\/wp-content\/uploads\/2017\/08\/SC_Ebook_5_EP-1-1-486x700.jpg 486w, http:\/\/jorgeluiscamacho.com\/wp-content\/uploads\/2017\/08\/SC_Ebook_5_EP-1-1-903x1300.jpg 903w, http:\/\/jorgeluiscamacho.com\/wp-content\/uploads\/2017\/08\/SC_Ebook_5_EP-1-1-scaled.jpg 1777w\" sizes=\"(max-width: 278px) 100vw, 278px\" \/>\t\t\t<\/div>\r\n\t\t\t\t\t\t<h2 class=\"book-thumb-title\">SINFON\u00cdA CUBANA I<\/h2>\r\n\t\t<\/a>\r\n\t<\/div><!-- end books-panel-item -->\r\n\r\n\t\r\n\t<div class=\"books-panel-item col-sm-4 col-xs-6\">\r\n\t\t<a href=\"http:\/\/jorgeluiscamacho.com\/en_us\/product\/sinfonia-cubana-ii\/\" class=\"books-panel-item-wrap is-book-panel-trigger\" data-panel-show=\"145\">\r\n\t\t\t\t\t\t\t\t\t<div class=\"book-thumb-img-wrap has-edge\">\r\n\t\t\t\t<img width=\"278\" height=\"400\" src=\"http:\/\/jorgeluiscamacho.com\/wp-content\/uploads\/2017\/08\/SC_Ebook_5_EP-2-278x400.jpg\" class=\"attachment-odrin_small_soft size-odrin_small_soft wp-post-image\" alt=\"\" loading=\"lazy\" srcset=\"http:\/\/jorgeluiscamacho.com\/wp-content\/uploads\/2017\/08\/SC_Ebook_5_EP-2-278x400.jpg 278w, http:\/\/jorgeluiscamacho.com\/wp-content\/uploads\/2017\/08\/SC_Ebook_5_EP-2-scaled-700x1008.jpg 700w, http:\/\/jorgeluiscamacho.com\/wp-content\/uploads\/2017\/08\/SC_Ebook_5_EP-2-208x300.jpg 208w, http:\/\/jorgeluiscamacho.com\/wp-content\/uploads\/2017\/08\/SC_Ebook_5_EP-2-711x1024.jpg 711w, http:\/\/jorgeluiscamacho.com\/wp-content\/uploads\/2017\/08\/SC_Ebook_5_EP-2-768x1106.jpg 768w, http:\/\/jorgeluiscamacho.com\/wp-content\/uploads\/2017\/08\/SC_Ebook_5_EP-2-1067x1536.jpg 1067w, http:\/\/jorgeluiscamacho.com\/wp-content\/uploads\/2017\/08\/SC_Ebook_5_EP-2-1423x2048.jpg 1423w, http:\/\/jorgeluiscamacho.com\/wp-content\/uploads\/2017\/08\/SC_Ebook_5_EP-2-486x700.jpg 486w, http:\/\/jorgeluiscamacho.com\/wp-content\/uploads\/2017\/08\/SC_Ebook_5_EP-2-903x1300.jpg 903w, http:\/\/jorgeluiscamacho.com\/wp-content\/uploads\/2017\/08\/SC_Ebook_5_EP-2-scaled.jpg 1778w\" sizes=\"(max-width: 278px) 100vw, 278px\" \/>\t\t\t<\/div>\r\n\t\t\t\t\t\t<h2 class=\"book-thumb-title\">SINFON\u00cdA CUBANA II<\/h2>\r\n\t\t<\/a>\r\n\t<\/div><!-- end books-panel-item -->\r\n\r\n\t\t\t\r\n\t<\/div><!-- end books-panel-container -->\r\n\r\n\r\n\t<div class=\"books-panel-info is-sticky-kit\">\r\n\r\n\t\t\r\n\t\t\r\n\t\t\r\n\t\t<div class=\"books-panel-info-inner mt-80\" data-panel-id=\"128\">\r\n\t\t\t\t\t\t<a href=\"http:\/\/jorgeluiscamacho.com\/en_us\/product\/sinfonia-cubana-i\/\"><h2 class=\"book-panel-info-title\">SINFON\u00cdA CUBANA I<\/h2><\/a>\r\n\t\t\t<div class=\"book-panel-info-categories dash-left dash-dark\"><a href=\"http:\/\/jorgeluiscamacho.com\/en_us\/product-category\/trilogia\/\" rel=\"tag\">Saga Hist\u00f3rica<\/a><\/div>\t\t\t<div class=\"book-panel-info-description\">\r\n\t\t\t\r\n\t\t\t\t<p style=\"text-align: justify;\">Entre La Habana, Miami, New York y Par\u00eds, una saga familiar donde se asoma la Historia. Desde la toma del poder de Fidel Castro hasta la muerte del castrismo. Desde el apogeo del comunismo mundial hasta su estrepitosa ca\u00edda. Desde las promesas de un futuro mejor del pasado siglo en Cuba hasta la miseria y la represi\u00f3n de hoy. Desde la p\u00e9rdida del central azucarero de la familia Robles-Serra hasta su renacer. Entre pasado y presente, hechos reales e imaginarios, una trilog\u00eda: &#8220;Sinfon\u00eda Cubana&#8221;, la historia de una familia que bien podr\u00eda ser una Historia de Cuba.<\/p>\n\t\t\t\t\r\n\t\t\t\t\t\t\t\t\t\t\t\t\t\t\t\t\t\t<button type=\"button\" class=\"btn is-page-flip\" data-post-id=\"128\"><i class=\"icon-book-open\"><\/i>Consultar el libro<\/button>\r\n\t\t\t\t\t\t\t\t<a href=\"http:\/\/jorgeluiscamacho.com\/en_us\/product\/sinfonia-cubana-i\/\" class=\"special-link\">View Book<\/a>\r\n\t\t\t\t\t\t\t<\/div>\r\n\t\t<\/div><!-- end books-panel-info-inner -->\r\n\r\n\t\r\n\t\t\r\n\t\t\r\n\t\t<div class=\"books-panel-info-inner mt-80\" data-panel-id=\"145\">\r\n\t\t\t\t\t\t<a href=\"http:\/\/jorgeluiscamacho.com\/en_us\/product\/sinfonia-cubana-ii\/\"><h2 class=\"book-panel-info-title\">SINFON\u00cdA CUBANA II<\/h2><\/a>\r\n\t\t\t<div class=\"book-panel-info-categories dash-left dash-dark\"><a href=\"http:\/\/jorgeluiscamacho.com\/en_us\/product-category\/trilogia\/\" rel=\"tag\">Saga Hist\u00f3rica<\/a><\/div>\t\t\t<div class=\"book-panel-info-description\">\r\n\t\t\t\r\n\t\t\t\t<p style=\"text-align: justify;\">Entre La Habana, Miami, New York y Par\u00eds, una saga familiar donde se asoma la Historia. Desde la toma del poder de Fidel Castro hasta la muerte del castrismo. Desde el apogeo del comunismo mundial hasta su estrepitosa ca\u00edda. Desde las promesas de un futuro mejor del pasado siglo en Cuba hasta la miseria y la represi\u00f3n de hoy. Desde la p\u00e9rdida del central azucarero de la familia Robles-Serra hasta su renacer. Entre pasado y presente, hechos reales e imaginarios, una trilog\u00eda: \u201cSinfon\u00eda Cubana\u201d, la historia de una familia que bien podr\u00eda ser una Historia de Cuba.<\/p>\n\t\t\t\t\r\n\t\t\t\t\t\t\t\t\t\t\t\t\t\t\t\t\t\t<button type=\"button\" class=\"btn is-page-flip\" data-post-id=\"145\"><i class=\"icon-book-open\"><\/i>consultar el libro<\/button>\r\n\t\t\t\t\t\t\t\t<a href=\"http:\/\/jorgeluiscamacho.com\/en_us\/product\/sinfonia-cubana-ii\/\" class=\"special-link\">View Book<\/a>\r\n\t\t\t\t\t\t\t<\/div>\r\n\t\t<\/div><!-- end books-panel-info-inner -->\r\n\r\n\t\r\n\t\t\r\n\t<\/div><!-- end books-panel-info -->\r\n\r\n\t\t\r\n<\/div> <!-- end BooksPanel -->\t\t<\/div>\r\n\t<\/div>\r\n\t<\/section>\r\n\r\n<section class=\"pos-r section-light is-parallax\"  id=\"shortcode-fb1ca63d24c5ea6e3557b55d18da88b1\" >\r\n\t\t\t<div class=\"overlay-color\"><\/div>\r\n\t\t<div class=\"fw-container-full\">\r\n\t\t<div class=\"fw-row\">\r\n\t\t\t<div id=\"shortcode-a76f62254889d9cd790325dce6233dce\" class=\"fw-col-xs-12 fw-col-sm-12 fw-col-md-6 text-left\" >\r\n\t<\/div>\r\n<div id=\"shortcode-5d5b215433ab3a06ce63c834774f3d48\" class=\"fw-col-xs-12 fw-col-sm-12 fw-col-md-6 text-center\" >\r\n\t<div class=\"SpecialHeading fw-heading  text-center mt-20 mb-60  is-wow fadeInUp\" id=\"shortcode-ee1a3be3476c19cfb92404b035dfdd49\" data-wow-delay=\"0s\">\r\n\t\t\t\t\t<h6 class=\"special-title special-heading-letter\">Dash Into the Journey<\/h6>\t\t<div class=\"special-subtitle\">Explore The World Now<\/div>\r\n\t<\/div>\r\n\r\n\t\t\t\t\t<button type=\"button\" class=\"shortcode-button btn is-page-flip btn-color  is-wow flipInX\" data-post-id=\"128\"><i class=\"icon-book-open\"><\/i><span>Read a Sample<\/span><\/button>\r\n\t\t\t\t\r\n<\/div>\r\n\t\t<\/div>\r\n\t<\/div>\r\n\t<\/section>\r\n\r\n<section class=\"pos-r\"  id=\"shortcode-91bf043b5b078148c4c3d5ebe2cdac4a\" >\r\n\t\t<div class=\"fw-container\">\r\n\t\t<div class=\"fw-row\">\r\n\t\t\t<div id=\"shortcode-23ccb64524618b38fb71f9de7ebb9a99\" class=\"fw-col-xs-12 fw-col-sm-12 fw-col-md-8 text-left\" >\r\n\t<div class=\"SpecialHeading fw-heading  text-center mt-20 mb-60  is-wow fadeInLeft\" id=\"shortcode-d8411e046d4dfb0cec4e17e9e057f4f2\" data-wow-delay=\"0s\">\r\n\t\t\t\t\t<h3 class=\"special-title special-heading-letter\">Book of the Month<\/h3>\t<\/div>\r\n\r\n<div class=\"TestimonialCarousel text-center  is-wow fadeInLeft\" id=\"shortcode-9b90975254bfdae7d293a380c07d258d\" data-wow-delay=\"0s\">\r\n\t\t\t\t<div class=\"testimonial-carousel owl-carousel\" data-owl-autoheight=\"false\">\r\n\t\t\t\t\t\t\t\t\t<div class=\"Testimonial\" data-dot=\"<span>01<\/span>\">\r\n\t\t\t\t<div class=\"testimonial-meta\">\r\n\t\t\t\t\t\t\t\t\t\t\t<div class=\"testimonial-author font-heading\">\r\n\t\t\t\t\t\t\tMike Auditores\t\t\t\t\t\t<\/div>\r\n\t\t\t\t\t\t\t\t\t\t\t<a href=\"http:\/\/google.com\" class=\"testimonial-company\">Guardian<\/a>\r\n\t\t\t\t\t\t\t\t\t\t\t\t\t\t\t<\/div>\r\n\t\t\t\t<div class=\"testimonial-text-wrapper\">\r\n\t\t\t\t\t<div class=\"testimonial-text font-subheading\">\r\n\t\t\t\t\t\t<p>Donut chocolate bar cake gummies sweet tart cookie macaroon caramels. Candy canes bear claw cotton candy tootsie roll danish jelly. Tart topping chocolate bar sweet roll. Jelly beans jelly beans sweet roll. <\/p>\r\n\t\t\t\t\t<\/div>\r\n\t\t\t\t<\/div>\r\n\t\t\t<\/div> <!-- end Testimonial -->\r\n\t\t\t\t\t\t\t\t<div class=\"Testimonial\" data-dot=\"<span>02<\/span>\">\r\n\t\t\t\t<div class=\"testimonial-meta\">\r\n\t\t\t\t\t\t\t\t\t\t\t<div class=\"testimonial-author font-heading\">\r\n\t\t\t\t\t\t\tJane Johnsonn\t\t\t\t\t\t<\/div>\r\n\t\t\t\t\t\t\t\t\t\t\t\t<div class=\"testimonial-company\">BBC <\/div>\r\n\t\t\t\t\t\t\t\t\t\t\t\t\t\t\t<\/div>\r\n\t\t\t\t<div class=\"testimonial-text-wrapper\">\r\n\t\t\t\t\t<div class=\"testimonial-text font-subheading\">\r\n\t\t\t\t\t\t<p>Halvah bonbon sweet tart marzipan gingerbread gummi bears chocolate cookie. Carrot cake cheesecake cotton candy cookie. Pie pudding toffee macaroon bear claw jelly beans jujubes brownie croissant. Bonbon brownie lemon drops lemon drops sweet marshmallow liquorice.<\/p>\r\n\t\t\t\t\t<\/div>\r\n\t\t\t\t<\/div>\r\n\t\t\t<\/div> <!-- end Testimonial -->\r\n\t\t\t\t\t\t\t\t<div class=\"Testimonial\" data-dot=\"<span>03<\/span>\">\r\n\t\t\t\t<div class=\"testimonial-meta\">\r\n\t\t\t\t\t\t\t\t\t\t\t<div class=\"testimonial-author font-heading\">\r\n\t\t\t\t\t\t\tSamantha Rogers\t\t\t\t\t\t<\/div>\r\n\t\t\t\t\t\t\t\t\t\t\t<a href=\"http:\/\/google.com\" class=\"testimonial-company\">Reader's Digest<\/a>\r\n\t\t\t\t\t\t\t\t\t\t\t\t\t\t\t<\/div>\r\n\t\t\t\t<div class=\"testimonial-text-wrapper\">\r\n\t\t\t\t\t<div class=\"testimonial-text font-subheading\">\r\n\t\t\t\t\t\t<p>Pudding croissant cake candy canes fruitcake sweet roll pastry gummies sugar plum. Tart pastry danish souffl\u00e9 donut bear claw chocolate cake marshmallow chupa chups. Jelly danish gummi bears cake donut powder chocolate cake. Jelly-o caramels cookie marshmallow gingerbread. <\/p>\r\n\t\t\t\t\t<\/div>\r\n\t\t\t\t<\/div>\r\n\t\t\t<\/div> <!-- end Testimonial -->\r\n\t\t\t\t\t\t<\/div> <!-- end owl-carousel -->\r\n\t\t\t\t\r\n<\/div> <!-- end TestimonialCarousel --><\/div>\r\n<div id=\"shortcode-b5afccd84b849874ca7fc0ded4bc1c9b\" class=\"fw-col-xs-12 fw-col-sm-12 fw-col-md-4 text-left\" >\r\n\t\r\n<div class=\"BookImage  is-wow fadeInRight\" id=\"shortcode-8648fde2cb56b1b091c5efc8013d26a5\" data-wow-delay=\"0s\" >\r\n\t\t\t<div class=\"book-image-wrapper SingleProductImage\">\r\n\t\t\t<div class=\"PageFlipBook\">\r\n\t\t\t\t\t\t\t\t\t\t\t\t<a href=\"http:\/\/jorgeluiscamacho.com\/en_us\" class=\"has-edge has-edge-thick\">\r\n\t\t\t\t\t<img src=\"\" class=\"wp-post-image\">\r\n\t\t\t\t<\/a>\r\n\t\t\t\t\t\t\t\t\t\t\t<\/div>\r\n\t\t<\/div>\r\n\t<\/div><!-- end BookImage -->\r\n<\/div>\r\n\t\t<\/div>\r\n\t<\/div>\r\n\t<\/section>\r\n\r\n<section class=\"pos-r\"  id=\"shortcode-95fe1bf6900340b488c03c087cdf38da\" >\r\n\t\t<div class=\"fw-container\">\r\n\t\t<div class=\"fw-row\">\r\n\t\t\t<div id=\"shortcode-a2a13655d1df0ac2dee95e19c02e62d2\" class=\"fw-col-xs-12 fw-col-sm-12 fw-col-md-6 text-left\" >\r\n\t<img src=\"\/\/jorgeluiscamacho.com\/wp-content\/uploads\/2017\/05\/dancer.png\" alt=\"\/\/jorgeluiscamacho.com\/wp-content\/uploads\/2017\/05\/dancer.png\" class=\"\" data-wow-delay=\"\" \/><\/div>\r\n<div id=\"shortcode-8d6889d45f2f019831b616c3c0259823\" class=\"fw-col-xs-12 fw-col-sm-12 fw-col-md-6 text-left\" >\r\n\t\r\n\r\n<blockquote id=\"shortcode-cb0eee8bf5037d1c85ae6d0cec950f98\" class=\"is-wow fadeInUp\" data-wow-delay=\"0s\">\r\n\t<i class=\"blockquote-icon\"><\/i>\r\n\t<i class=\"blockquote-icon\"><\/i>\r\n\t<div class=\"blockquote-content font-subheading\">\r\n\t\t<p>A story that will really make you tremble with anticipation!<\/p>\r\n\t<\/div>\r\n\t\t<footer><cite>Subsolar Designs<\/cite><\/footer>\r\n\t<\/blockquote>\r\n\r\n<div class=\"TextBlock  is-wow fadeInUp\" id=\"shortcode-5b022a836596a1a7525ed2fde8f1fd3d\" data-wow-delay=\"0s\">\r\n\t<p><span class=\"ng-directive ng-binding\">Carrot cake chocolate cake gummies ice cream. Croissant chocolate lemon drops lemon drops cotton candy biscuit. Souffl\u00e9 tart sweet roll carrot cake icing bear claw dessert oat cake. Lollipop ice cream danish jelly beans cotton candy liquorice cotton candy lemon drops halvah. Candy caramels jelly beans.&nbsp;<\/span><\/p><\/div>\r\n\r\n<div class=\"spacer\" id=\"shortcode-eeac4ebf66e25589ec1082a29a63e0c6\"><\/div><img src=\"\/\/jorgeluiscamacho.com\/wp-content\/uploads\/2017\/05\/signature.jpg\" alt=\"\/\/jorgeluiscamacho.com\/wp-content\/uploads\/2017\/05\/signature.jpg\" class=\"is-wow fadeInUp\" data-wow-delay=\"0s\" \/><\/div>\r\n\t\t<\/div>\r\n\t<\/div>\r\n\t<\/section>\r\n\r\n<section class=\"pos-r  is-wow fadeIn\"  id=\"shortcode-a58ed9dc3bae2f0e74ccd2598844d46a\" data-wow-delay=\"0s\">\r\n\t\t<div class=\"fw-container\">\r\n\t\t<div class=\"fw-row\">\r\n\t\t\t<div id=\"shortcode-3f6e58ef7fd02c35a86d671e2cfee260\" class=\"fw-col-xs-12 fw-col-sm-12 fw-col-md-12 text-left\" >\r\n\t\r\n\r\n<div class=\"SpecialTextBlock special-text-block-color special-text-block-has-image pos-r\" id=\"shortcode-a5b36e6a20c8cbaa7ad3a32d78d0403e\" >\r\n\t\r\n\t\t<div class=\"SpecialHeading fw-heading mb-40\">\r\n\t\t<h2 class=\"special-title special-heading-letter\">Kathy Andrews<\/h2>\r\n\t\t\t\t<div class=\"special-subtitle\">Inspiring Novelist and Award-Winning Author<\/div>\r\n\t\t\t<\/div>\r\n\t\t\t<div class=\"special-text-block-image\">\t\t\r\n\t\t<div class=\"bg-image\" data-bg-image=\"\/\/jorgeluiscamacho.com\/wp-content\/uploads\/2017\/05\/73e00735102519.56e99b2aa33bd.jpg\"><\/div>\r\n\t<\/div>\r\n\t\t\t\t\t\t<div class=\"special-text-block-content section-light font-subheading\">\r\n\t\t\t\t<p>She has work appearing or forthcoming in over a dozen venues, including Buzzy Mag, The Spirit of Poe, and the British Fantasy Society journal Dark Horizons. Kate is also CEO of a company, specializing in custom book publishing and social media marketing services, have created a community for authors to learn and connect.<\/p>\t<\/div>\r\n\t\t\r\n<\/div> <!-- end SpecialTextBlock --><\/div>\r\n\t\t<\/div>\r\n\t<\/div>\r\n\t<\/section>\r\n\r\n<section class=\"pos-r is-parallax\"  id=\"shortcode-66e2f703d82986edef47e51687e5e0a0\" >\r\n\t\t\t<div class=\"overlay-color\"><\/div>\r\n\t\t<div class=\"fw-container\">\r\n\t\t<div class=\"fw-row\">\r\n\t\t\t<div id=\"shortcode-3a3480cb91837ca45eebfd351b3006bb\" class=\"fw-col-xs-12 fw-col-sm-12 fw-col-md-12 text-left\" >\r\n\t\r\n<div id=\"shortcode-c876764940a0a011bfa70ff8af114574\" class=\"UpcomingBookWrapper pos-r  is-wow fadeInDown\" data-wow-delay=\"0s\">\r\n\r\n\r\n\t<\/div>\r\n\t\t<\/div>\r\n\t<\/div>\r\n\t<\/section>\r\n<\/p>","protected":false},"excerpt":{"rendered":"<p>Ya est\u00e1n de nuevo las m\u00e1quinas de La Rosa y las de todos los centrales de la isla triturando la ca\u00f1a fresca que se convertir\u00e1 en az\u00facar, en salarios, en riqueza. \u00a1La zafra! Los recelos de los Robles-Serra resultaron infundados, este a\u00f1o la familia sigue dirigiendo el central. Libertad espera en el consultorio del doctor&#8230;<\/p>","protected":false},"author":1,"featured_media":0,"parent":0,"menu_order":0,"comment_status":"closed","ping_status":"closed","template":"","meta":{"spay_email":""},"_links":{"self":[{"href":"http:\/\/jorgeluiscamacho.com\/en_us\/wp-json\/wp\/v2\/pages\/13"}],"collection":[{"href":"http:\/\/jorgeluiscamacho.com\/en_us\/wp-json\/wp\/v2\/pages"}],"about":[{"href":"http:\/\/jorgeluiscamacho.com\/en_us\/wp-json\/wp\/v2\/types\/page"}],"author":[{"embeddable":true,"href":"http:\/\/jorgeluiscamacho.com\/en_us\/wp-json\/wp\/v2\/users\/1"}],"replies":[{"embeddable":true,"href":"http:\/\/jorgeluiscamacho.com\/en_us\/wp-json\/wp\/v2\/comments?post=13"}],"version-history":[{"count":198,"href":"http:\/\/jorgeluiscamacho.com\/en_us\/wp-json\/wp\/v2\/pages\/13\/revisions"}],"predecessor-version":[{"id":855,"href":"http:\/\/jorgeluiscamacho.com\/en_us\/wp-json\/wp\/v2\/pages\/13\/revisions\/855"}],"wp:attachment":[{"href":"http:\/\/jorgeluiscamacho.com\/en_us\/wp-json\/wp\/v2\/media?parent=13"}],"curies":[{"name":"wp","href":"https:\/\/api.w.org\/{rel}","templated":true}]}}